{"id":75,"date":"2024-09-12T15:14:56","date_gmt":"2024-09-12T13:14:56","guid":{"rendered":"https:\/\/lesbuissonniersduplessis.casa\/index.php\/les-buissonniers-du-plessis-deutsch\/"},"modified":"2026-01-26T19:13:35","modified_gmt":"2026-01-26T18:13:35","slug":"les-buissonniers-du-plessis-deutsch","status":"publish","type":"page","link":"https:\/\/lesbuissonniersduplessis.casa\/index.php\/de\/les-buissonniers-du-plessis-deutsch\/","title":{"rendered":"Das Wohnprojekt"},"content":{"rendered":"\n<h1 class=\"wp-block-heading\">Les Buissonnier.e.s du Plessis<br>Gemeinschaftliches und inklusives Wohnprojekt<\/h1>\n\n\n\n<p class=\"has-medium-font-size\"><strong>Ein Ort, an dem es sich gut leben l\u00e4sst: Ein Projekt von sozialem Nutzen und kollektivem Wohlwollen.<\/strong><\/p>\n\n\n\n<p>Was ist \u00fcberhaupt eine genossenschaftliche Wohngemeinschaft?<\/p>\n\n\n\n<p>Eine inklusive Wohngemeinschaft ist <strong>ein Ort<\/strong>, an dem die Bewohner:innen einen Teil ihres Alltags mit ihren Nachbarn:innen teilen k\u00f6nnen, und zwar auf der Grundlage gemeinsamer Werte (Solidarit\u00e4t, Teilen, gegenseitige Hilfe, Kampf gegen Ausgrenzung und Isolation). Inklusive Wohngemeinschaften zeichnen sich somit durch individuelle Wohnr\u00e4ume und Gemeinschaftsr\u00e4ume in einer geeigneten, sicheren und f\u00fcr soziale Kontakte f\u00f6rderlichen Umgebung aus.<\/p>\n\n\n\n<p>Was die Buissonnier.e.s betrifft, so teilen wir uns ein Haus, eine Waschk\u00fcche, eine Werkstatt, einen Kunstraum, einen Gem\u00fcsegarten, einen Garten, einen nach aussen offenen Ort (Feste, verschiedene Veranstaltungen, Konferenzen, Kino usw.) und sicherlich noch viele andere Dinge des Alltags und dar\u00fcber hinaus\u2026<\/p>\n\n\n\n<p>Der kooperative Aspekt ist ein Wert, der uns sehr am Herzen liegt. Es handelt sich um eine Gesellschaftsform, die aus der Sozial- und Solidarwirtschaft (ESS) hervorgegangen ist. Diese demokratische Struktur erm\u00f6glicht es den Mitgliedern, sich direkt an Entscheidungen zu beteiligen, was die <strong>Transparenz und das gemeinsame Engagement<\/strong> innerhalb der Genossenschaft st\u00e4rkt. Unabh\u00e4ngig davon, ob du die gr\u00f6sste Fl\u00e4che und\/oder die meisten Anteile hast: Eine Person = eine Stimme.<\/p>\n\n\n\n<p>Die zwischenmenschlichen Beziehungen stehen im Mittelpunkt des Projekts.<\/p>\n\n\n\n<p>Neben ihrer Dynamik und Energie haben Les Buissonnier.e.s du Plessis ihren Sitz in Le Plessis, einem kleinen Weiler in der N\u00e4he der malerischen Kleinstadt Clamecy (3.600 Einwohner, im Departement Ni\u00e8vre, Region Bourgogne -Franche-Comt\u00e9).<\/p>\n\n\n\n<p>Das Projekt ist bereits weit fortgeschritten. Die Genossenschaft mit variablem Kapital \u201eLes Buissonnier.e.s du Plessis\u201d wurde gegr\u00fcndet und setzt sich zusammen aus:<\/p>\n\n\n\n<ul class=\"wp-block-list\">\n<li>einem 4.500 m2 grossen Grundst\u00fcck<\/li>\n\n\n\n<li>ein <strong>kollektives Haus<\/strong> von ca. 160 m2 (zu 98 % renoviert) mit einem grossen Wohnzimmer, einer grossen K\u00fcche, vier Schlafzimmern, zwei WCs, einem Badezimmer und einem Zwischengeschoss.<\/li>\n\n\n\n<li>einer Scheune, die renoviert werden soll, um Platz f\u00fcr sechs Wohnungen, einen nach aussen offenen Gemeinschaftsraum und ein Atelier f\u00fcr bildende Kunst zu schaffen. Die Baugenehmigung f\u00fcr die Renovierung der Scheune wurde Anfang Januar 2025 erteilt.<\/li>\n\n\n\n<li>einer <strong>Werkstatt<\/strong> (Heimwerken, Gartenger\u00e4te \u2026). Die Baugenehmigung wurde erteilt und das Geb\u00e4ude ist fertiggestellt.<\/li>\n<\/ul>\n\n\n\n<p>Es bleibt jedoch noch viel zu tun: die Konsultation der Unternehmen, die Koordination der Baustelle, Verwaltungsaufwand f\u00fcr die Erlangung der ESUS -Zulassung, Suche nach zus\u00e4tzlichen Finanzmitteln (oder Beihilfen) \u2026 Was den letzten Punkt angeht, m\u00f6chten wir uns so weit wie m\u00f6glich von den Banken unabh\u00e4ngig machen und das Projekt durch den Beitritt neuer Genossenschaftsmitglieder selbst finanzieren.<\/p>\n\n\n\n<p>Es sind noch Wohnungen frei. Wenn du also von einem gemeinschaftlichen Wohnprojekt, einem anderen Lebensstil, viel Gr\u00fcn, Platz, Gemeinschaft und Menschlichkeit tr\u00e4umst, dann ist dieses Projekt genau das Richtige f\u00fcr du. Z\u00f6gere nicht, uns zu kontaktieren, wir freuen uns auf dich.<\/p>\n\n\n\n<figure class=\"wp-block-image size-large\"><img loading=\"lazy\" decoding=\"async\" width=\"1024\" height=\"559\" src=\"https:\/\/lesbuissonniersduplessis.casa\/wp-content\/uploads\/2024\/08\/Facade-sud-ouest-en-couleur-recadree-1024x559.jpg\" alt=\"\" class=\"wp-image-24\" srcset=\"https:\/\/lesbuissonniersduplessis.casa\/wp-content\/uploads\/2024\/08\/Facade-sud-ouest-en-couleur-recadree-1024x559.jpg 1024w, https:\/\/lesbuissonniersduplessis.casa\/wp-content\/uploads\/2024\/08\/Facade-sud-ouest-en-couleur-recadree-300x164.jpg 300w, https:\/\/lesbuissonniersduplessis.casa\/wp-content\/uploads\/2024\/08\/Facade-sud-ouest-en-couleur-recadree-768x419.jpg 768w, https:\/\/lesbuissonniersduplessis.casa\/wp-content\/uploads\/2024\/08\/Facade-sud-ouest-en-couleur-recadree.jpg 1464w\" sizes=\"auto, (max-width: 1024px) 100vw, 1024px\" \/><figcaption class=\"wp-element-caption\">hintere Fassade<\/figcaption><\/figure>\n\n\n\n<figure class=\"wp-block-image size-large\"><img loading=\"lazy\" decoding=\"async\" width=\"1024\" height=\"708\" src=\"https:\/\/lesbuissonniersduplessis.casa\/wp-content\/uploads\/2026\/01\/PLAN-RDC-MAJ-e1769450436812-1024x708.png\" alt=\"\" class=\"wp-image-1436\" srcset=\"https:\/\/lesbuissonniersduplessis.casa\/wp-content\/uploads\/2026\/01\/PLAN-RDC-MAJ-e1769450436812-1024x708.png 1024w, https:\/\/lesbuissonniersduplessis.casa\/wp-content\/uploads\/2026\/01\/PLAN-RDC-MAJ-e1769450436812-300x207.png 300w, https:\/\/lesbuissonniersduplessis.casa\/wp-content\/uploads\/2026\/01\/PLAN-RDC-MAJ-e1769450436812-768x531.png 768w, https:\/\/lesbuissonniersduplessis.casa\/wp-content\/uploads\/2026\/01\/PLAN-RDC-MAJ-e1769450436812-1536x1062.png 1536w, https:\/\/lesbuissonniersduplessis.casa\/wp-content\/uploads\/2026\/01\/PLAN-RDC-MAJ-e1769450436812-2048x1416.png 2048w\" sizes=\"auto, (max-width: 1024px) 100vw, 1024px\" \/><figcaption class=\"wp-element-caption\">R\u00e9novation der Scheune \u2013 Plan RDC \u2013 Architecte Nina Leroux<\/figcaption><\/figure>\n\n\n\n<figure class=\"wp-block-image size-large\"><img loading=\"lazy\" decoding=\"async\" width=\"1024\" height=\"712\" src=\"https:\/\/lesbuissonniersduplessis.casa\/wp-content\/uploads\/2026\/01\/PLAN-R1-MAJ-e1769450323211-1024x712.png\" alt=\"\" class=\"wp-image-1435\" srcset=\"https:\/\/lesbuissonniersduplessis.casa\/wp-content\/uploads\/2026\/01\/PLAN-R1-MAJ-e1769450323211-1024x712.png 1024w, https:\/\/lesbuissonniersduplessis.casa\/wp-content\/uploads\/2026\/01\/PLAN-R1-MAJ-e1769450323211-300x208.png 300w, https:\/\/lesbuissonniersduplessis.casa\/wp-content\/uploads\/2026\/01\/PLAN-R1-MAJ-e1769450323211-768x534.png 768w, https:\/\/lesbuissonniersduplessis.casa\/wp-content\/uploads\/2026\/01\/PLAN-R1-MAJ-e1769450323211-1536x1067.png 1536w, https:\/\/lesbuissonniersduplessis.casa\/wp-content\/uploads\/2026\/01\/PLAN-R1-MAJ-e1769450323211-2048x1423.png 2048w\" sizes=\"auto, (max-width: 1024px) 100vw, 1024px\" \/><figcaption class=\"wp-element-caption\">R\u00e9novation der Scheune \u2013 Plan 1\u1d49\u02b3 \u00e9tage \u2013 Architecte Nina Leroux<\/figcaption><\/figure>\n\n\n\n<figure class=\"wp-block-image size-large\"><img loading=\"lazy\" decoding=\"async\" width=\"1024\" height=\"709\" src=\"https:\/\/lesbuissonniersduplessis.casa\/wp-content\/uploads\/2025\/07\/PLAN-R2-MAJcolors-1024x709.png\" alt=\"\" class=\"wp-image-1346\" style=\"object-fit:cover\" srcset=\"https:\/\/lesbuissonniersduplessis.casa\/wp-content\/uploads\/2025\/07\/PLAN-R2-MAJcolors-1024x709.png 1024w, https:\/\/lesbuissonniersduplessis.casa\/wp-content\/uploads\/2025\/07\/PLAN-R2-MAJcolors-300x208.png 300w, https:\/\/lesbuissonniersduplessis.casa\/wp-content\/uploads\/2025\/07\/PLAN-R2-MAJcolors-768x532.png 768w, https:\/\/lesbuissonniersduplessis.casa\/wp-content\/uploads\/2025\/07\/PLAN-R2-MAJcolors-1536x1064.png 1536w, https:\/\/lesbuissonniersduplessis.casa\/wp-content\/uploads\/2025\/07\/PLAN-R2-MAJcolors-2048x1418.png 2048w\" sizes=\"auto, (max-width: 1024px) 100vw, 1024px\" \/><figcaption class=\"wp-element-caption\">Renovation der Scheune &#8211; 2. Stock<\/figcaption><\/figure>\n\n\n\n<figure class=\"wp-block-image size-full\"><img loading=\"lazy\" decoding=\"async\" width=\"1024\" height=\"576\" src=\"https:\/\/lesbuissonniersduplessis.casa\/wp-content\/uploads\/2025\/07\/Les-buissonniers-projet.jpg\" alt=\"\" class=\"wp-image-1338\" srcset=\"https:\/\/lesbuissonniersduplessis.casa\/wp-content\/uploads\/2025\/07\/Les-buissonniers-projet.jpg 1024w, https:\/\/lesbuissonniersduplessis.casa\/wp-content\/uploads\/2025\/07\/Les-buissonniers-projet-300x169.jpg 300w, https:\/\/lesbuissonniersduplessis.casa\/wp-content\/uploads\/2025\/07\/Les-buissonniers-projet-768x432.jpg 768w, https:\/\/lesbuissonniersduplessis.casa\/wp-content\/uploads\/2025\/07\/Les-buissonniers-projet-800x450.jpg 800w\" sizes=\"auto, (max-width: 1024px) 100vw, 1024px\" \/><figcaption class=\"wp-element-caption\">Blick auf den Ort<\/figcaption><\/figure>\n\n\n\n<figure class=\"wp-block-image size-large\"><img loading=\"lazy\" decoding=\"async\" width=\"1024\" height=\"576\" src=\"https:\/\/lesbuissonniersduplessis.casa\/wp-content\/uploads\/2024\/09\/20240415_183629-1024x576.jpg\" alt=\"\" class=\"wp-image-1071\" srcset=\"https:\/\/lesbuissonniersduplessis.casa\/wp-content\/uploads\/2024\/09\/20240415_183629-1024x576.jpg 1024w, https:\/\/lesbuissonniersduplessis.casa\/wp-content\/uploads\/2024\/09\/20240415_183629-300x169.jpg 300w, https:\/\/lesbuissonniersduplessis.casa\/wp-content\/uploads\/2024\/09\/20240415_183629-768x432.jpg 768w, https:\/\/lesbuissonniersduplessis.casa\/wp-content\/uploads\/2024\/09\/20240415_183629-1536x864.jpg 1536w, https:\/\/lesbuissonniersduplessis.casa\/wp-content\/uploads\/2024\/09\/20240415_183629-2048x1152.jpg 2048w, https:\/\/lesbuissonniersduplessis.casa\/wp-content\/uploads\/2024\/09\/20240415_183629-800x450.jpg 800w\" sizes=\"auto, (max-width: 1024px) 100vw, 1024px\" \/><figcaption class=\"wp-element-caption\">Blick auf den Ort<\/figcaption><\/figure>\n\n\n\n<figure class=\"wp-block-image size-large\"><img loading=\"lazy\" decoding=\"async\" width=\"1024\" height=\"683\" src=\"https:\/\/lesbuissonniersduplessis.casa\/wp-content\/uploads\/2024\/09\/IMAG0107-1024x683.jpg\" alt=\"\" class=\"wp-image-1073\" srcset=\"https:\/\/lesbuissonniersduplessis.casa\/wp-content\/uploads\/2024\/09\/IMAG0107-1024x683.jpg 1024w, https:\/\/lesbuissonniersduplessis.casa\/wp-content\/uploads\/2024\/09\/IMAG0107-300x200.jpg 300w, https:\/\/lesbuissonniersduplessis.casa\/wp-content\/uploads\/2024\/09\/IMAG0107-768x512.jpg 768w, https:\/\/lesbuissonniersduplessis.casa\/wp-content\/uploads\/2024\/09\/IMAG0107-1536x1024.jpg 1536w, https:\/\/lesbuissonniersduplessis.casa\/wp-content\/uploads\/2024\/09\/IMAG0107-2048x1365.jpg 2048w\" sizes=\"auto, (max-width: 1024px) 100vw, 1024px\" \/><figcaption class=\"wp-element-caption\">Blick auf den Ort<\/figcaption><\/figure>\n\n\n\n<figure class=\"wp-block-image size-large\"><img loading=\"lazy\" decoding=\"async\" width=\"1024\" height=\"683\" src=\"https:\/\/lesbuissonniersduplessis.casa\/wp-content\/uploads\/2024\/09\/IMAG0075-1024x683.jpg\" alt=\"\" class=\"wp-image-1079\" srcset=\"https:\/\/lesbuissonniersduplessis.casa\/wp-content\/uploads\/2024\/09\/IMAG0075-1024x683.jpg 1024w, https:\/\/lesbuissonniersduplessis.casa\/wp-content\/uploads\/2024\/09\/IMAG0075-300x200.jpg 300w, https:\/\/lesbuissonniersduplessis.casa\/wp-content\/uploads\/2024\/09\/IMAG0075-768x512.jpg 768w, https:\/\/lesbuissonniersduplessis.casa\/wp-content\/uploads\/2024\/09\/IMAG0075-1536x1024.jpg 1536w, https:\/\/lesbuissonniersduplessis.casa\/wp-content\/uploads\/2024\/09\/IMAG0075-2048x1365.jpg 2048w\" sizes=\"auto, (max-width: 1024px) 100vw, 1024px\" \/><figcaption class=\"wp-element-caption\">Die zu renovierende Scheune<\/figcaption><\/figure>\n\n\n\n<p><\/p>\n","protected":false},"excerpt":{"rendered":"<p>Les Buissonnier.e.s du PlessisGemeinschaftliches und inklusives Wohnprojekt Ein Ort, an dem es sich gut leben l\u00e4sst: Ein Projekt von sozialem Nutzen und kollektivem Wohlwollen. Was ist \u00fcberhaupt eine genossenschaftliche Wohngemeinschaft? Eine inklusive Wohngemeinschaft ist ein Ort, an dem die Bewohner:innen einen Teil ihres Alltags mit ihren Nachbarn:innen teilen k\u00f6nnen, und zwar auf der Grundlage gemeinsamer [&hellip;]<\/p>\n","protected":false},"author":3,"featured_media":0,"parent":0,"menu_order":0,"comment_status":"closed","ping_status":"closed","template":"","meta":{"ocean_post_layout":"","ocean_both_sidebars_style":"","ocean_both_sidebars_content_width":0,"ocean_both_sidebars_sidebars_width":0,"ocean_sidebar":"","ocean_second_sidebar":"","ocean_disable_margins":"enable","ocean_add_body_class":"","ocean_shortcode_before_top_bar":"","ocean_shortcode_after_top_bar":"","ocean_shortcode_before_header":"","ocean_shortcode_after_header":"","ocean_has_shortcode":"","ocean_shortcode_after_title":"","ocean_shortcode_before_footer_widgets":"","ocean_shortcode_after_footer_widgets":"","ocean_shortcode_before_footer_bottom":"","ocean_shortcode_after_footer_bottom":"","ocean_display_top_bar":"default","ocean_display_header":"default","ocean_header_style":"","ocean_center_header_left_menu":"","ocean_custom_header_template":"","ocean_custom_logo":0,"ocean_custom_retina_logo":0,"ocean_custom_logo_max_width":0,"ocean_custom_logo_tablet_max_width":0,"ocean_custom_logo_mobile_max_width":0,"ocean_custom_logo_max_height":0,"ocean_custom_logo_tablet_max_height":0,"ocean_custom_logo_mobile_max_height":0,"ocean_header_custom_menu":"","ocean_menu_typo_font_family":"","ocean_menu_typo_font_subset":"","ocean_menu_typo_font_size":0,"ocean_menu_typo_font_size_tablet":0,"ocean_menu_typo_font_size_mobile":0,"ocean_menu_typo_font_size_unit":"px","ocean_menu_typo_font_weight":"","ocean_menu_typo_font_weight_tablet":"","ocean_menu_typo_font_weight_mobile":"","ocean_menu_typo_transform":"","ocean_menu_typo_transform_tablet":"","ocean_menu_typo_transform_mobile":"","ocean_menu_typo_line_height":0,"ocean_menu_typo_line_height_tablet":0,"ocean_menu_typo_line_height_mobile":0,"ocean_menu_typo_line_height_unit":"","ocean_menu_typo_spacing":0,"ocean_menu_typo_spacing_tablet":0,"ocean_menu_typo_spacing_mobile":0,"ocean_menu_typo_spacing_unit":"","ocean_menu_link_color":"","ocean_menu_link_color_hover":"","ocean_menu_link_color_active":"","ocean_menu_link_background":"","ocean_menu_link_hover_background":"","ocean_menu_link_active_background":"","ocean_menu_social_links_bg":"","ocean_menu_social_hover_links_bg":"","ocean_menu_social_links_color":"","ocean_menu_social_hover_links_color":"","ocean_disable_title":"default","ocean_disable_heading":"default","ocean_post_title":"","ocean_post_subheading":"","ocean_post_title_style":"","ocean_post_title_background_color":"","ocean_post_title_background":0,"ocean_post_title_bg_image_position":"","ocean_post_title_bg_image_attachment":"","ocean_post_title_bg_image_repeat":"","ocean_post_title_bg_image_size":"","ocean_post_title_height":0,"ocean_post_title_bg_overlay":0.5,"ocean_post_title_bg_overlay_color":"","ocean_disable_breadcrumbs":"default","ocean_breadcrumbs_color":"","ocean_breadcrumbs_separator_color":"","ocean_breadcrumbs_links_color":"","ocean_breadcrumbs_links_hover_color":"","ocean_display_footer_widgets":"default","ocean_display_footer_bottom":"default","ocean_custom_footer_template":"","footnotes":""},"class_list":["post-75","page","type-page","status-publish","hentry","entry"],"yoast_head":"<!-- This site is optimized with the Yoast SEO plugin v27.4 - https:\/\/yoast.com\/product\/yoast-seo-wordpress\/ -->\n<title>Das Wohnprojekt - Les Buissonniers du Plessis<\/title>\n<meta name=\"robots\" content=\"index, follow, max-snippet:-1, max-image-preview:large, max-video-preview:-1\" \/>\n<link rel=\"canonical\" href=\"https:\/\/lesbuissonniersduplessis.casa\/index.php\/de\/les-buissonniers-du-plessis-deutsch\/\" \/>\n<meta property=\"og:locale\" content=\"fr_FR\" \/>\n<meta property=\"og:type\" content=\"article\" \/>\n<meta property=\"og:title\" content=\"Das Wohnprojekt - Les Buissonniers du Plessis\" \/>\n<meta property=\"og:description\" content=\"Les Buissonnier.e.s du PlessisGemeinschaftliches und inklusives Wohnprojekt Ein Ort, an dem es sich gut leben l\u00e4sst: Ein Projekt von sozialem Nutzen und kollektivem Wohlwollen. Was ist \u00fcberhaupt eine genossenschaftliche Wohngemeinschaft? Eine inklusive Wohngemeinschaft ist ein Ort, an dem die Bewohner:innen einen Teil ihres Alltags mit ihren Nachbarn:innen teilen k\u00f6nnen, und zwar auf der Grundlage gemeinsamer [&hellip;]\" \/>\n<meta property=\"og:url\" content=\"https:\/\/lesbuissonniersduplessis.casa\/index.php\/de\/les-buissonniers-du-plessis-deutsch\/\" \/>\n<meta property=\"og:site_name\" content=\"Les Buissonniers du Plessis\" \/>\n<meta property=\"article:modified_time\" content=\"2026-01-26T18:13:35+00:00\" \/>\n<meta property=\"og:image\" content=\"https:\/\/lesbuissonniersduplessis.casa\/wp-content\/uploads\/2024\/08\/Facade-sud-ouest-en-couleur-recadree.jpg\" \/>\n\t<meta property=\"og:image:width\" content=\"1464\" \/>\n\t<meta property=\"og:image:height\" content=\"799\" \/>\n\t<meta property=\"og:image:type\" content=\"image\/jpeg\" \/>\n<meta name=\"twitter:card\" content=\"summary_large_image\" \/>\n<meta name=\"twitter:label1\" content=\"Dur\u00e9e de lecture estim\u00e9e\" \/>\n\t<meta name=\"twitter:data1\" content=\"5 minutes\" \/>\n<script type=\"application\/ld+json\" class=\"yoast-schema-graph\">{\"@context\":\"https:\\\/\\\/schema.org\",\"@graph\":[{\"@type\":\"WebPage\",\"@id\":\"https:\\\/\\\/lesbuissonniersduplessis.casa\\\/index.php\\\/de\\\/les-buissonniers-du-plessis-deutsch\\\/\",\"url\":\"https:\\\/\\\/lesbuissonniersduplessis.casa\\\/index.php\\\/de\\\/les-buissonniers-du-plessis-deutsch\\\/\",\"name\":\"Das Wohnprojekt - Les Buissonniers du Plessis\",\"isPartOf\":{\"@id\":\"https:\\\/\\\/lesbuissonniersduplessis.casa\\\/#website\"},\"primaryImageOfPage\":{\"@id\":\"https:\\\/\\\/lesbuissonniersduplessis.casa\\\/index.php\\\/de\\\/les-buissonniers-du-plessis-deutsch\\\/#primaryimage\"},\"image\":{\"@id\":\"https:\\\/\\\/lesbuissonniersduplessis.casa\\\/index.php\\\/de\\\/les-buissonniers-du-plessis-deutsch\\\/#primaryimage\"},\"thumbnailUrl\":\"https:\\\/\\\/lesbuissonniersduplessis.casa\\\/wp-content\\\/uploads\\\/2024\\\/08\\\/Facade-sud-ouest-en-couleur-recadree-1024x559.jpg\",\"datePublished\":\"2024-09-12T13:14:56+00:00\",\"dateModified\":\"2026-01-26T18:13:35+00:00\",\"breadcrumb\":{\"@id\":\"https:\\\/\\\/lesbuissonniersduplessis.casa\\\/index.php\\\/de\\\/les-buissonniers-du-plessis-deutsch\\\/#breadcrumb\"},\"inLanguage\":\"fr-FR\",\"potentialAction\":[{\"@type\":\"ReadAction\",\"target\":[\"https:\\\/\\\/lesbuissonniersduplessis.casa\\\/index.php\\\/de\\\/les-buissonniers-du-plessis-deutsch\\\/\"]}]},{\"@type\":\"ImageObject\",\"inLanguage\":\"fr-FR\",\"@id\":\"https:\\\/\\\/lesbuissonniersduplessis.casa\\\/index.php\\\/de\\\/les-buissonniers-du-plessis-deutsch\\\/#primaryimage\",\"url\":\"https:\\\/\\\/lesbuissonniersduplessis.casa\\\/wp-content\\\/uploads\\\/2024\\\/08\\\/Facade-sud-ouest-en-couleur-recadree.jpg\",\"contentUrl\":\"https:\\\/\\\/lesbuissonniersduplessis.casa\\\/wp-content\\\/uploads\\\/2024\\\/08\\\/Facade-sud-ouest-en-couleur-recadree.jpg\",\"width\":1464,\"height\":799,\"caption\":\"Fa\u00e7ade arri\u00e8re\"},{\"@type\":\"BreadcrumbList\",\"@id\":\"https:\\\/\\\/lesbuissonniersduplessis.casa\\\/index.php\\\/de\\\/les-buissonniers-du-plessis-deutsch\\\/#breadcrumb\",\"itemListElement\":[{\"@type\":\"ListItem\",\"position\":1,\"name\":\"Accueil\",\"item\":\"https:\\\/\\\/lesbuissonniersduplessis.casa\\\/\"},{\"@type\":\"ListItem\",\"position\":2,\"name\":\"Das Wohnprojekt\"}]},{\"@type\":\"WebSite\",\"@id\":\"https:\\\/\\\/lesbuissonniersduplessis.casa\\\/#website\",\"url\":\"https:\\\/\\\/lesbuissonniersduplessis.casa\\\/\",\"name\":\"Les Buissonniers du Plessis\",\"description\":\"Coop\u00e9rative d&#039;habitants - Habitat partag\u00e9 et participatif\",\"publisher\":{\"@id\":\"https:\\\/\\\/lesbuissonniersduplessis.casa\\\/#organization\"},\"potentialAction\":[{\"@type\":\"SearchAction\",\"target\":{\"@type\":\"EntryPoint\",\"urlTemplate\":\"https:\\\/\\\/lesbuissonniersduplessis.casa\\\/?s={search_term_string}\"},\"query-input\":{\"@type\":\"PropertyValueSpecification\",\"valueRequired\":true,\"valueName\":\"search_term_string\"}}],\"inLanguage\":\"fr-FR\"},{\"@type\":\"Organization\",\"@id\":\"https:\\\/\\\/lesbuissonniersduplessis.casa\\\/#organization\",\"name\":\"Les Buissonniers du Plessis\",\"url\":\"https:\\\/\\\/lesbuissonniersduplessis.casa\\\/\",\"logo\":{\"@type\":\"ImageObject\",\"inLanguage\":\"fr-FR\",\"@id\":\"https:\\\/\\\/lesbuissonniersduplessis.casa\\\/#\\\/schema\\\/logo\\\/image\\\/\",\"url\":\"https:\\\/\\\/lesbuissonniersduplessis.casa\\\/wp-content\\\/uploads\\\/2026\\\/04\\\/cropped-header_herisson_2.png\",\"contentUrl\":\"https:\\\/\\\/lesbuissonniersduplessis.casa\\\/wp-content\\\/uploads\\\/2026\\\/04\\\/cropped-header_herisson_2.png\",\"width\":1500,\"height\":374,\"caption\":\"Les Buissonniers du Plessis\"},\"image\":{\"@id\":\"https:\\\/\\\/lesbuissonniersduplessis.casa\\\/#\\\/schema\\\/logo\\\/image\\\/\"}}]}<\/script>\n<!-- \/ Yoast SEO plugin. -->","yoast_head_json":{"title":"Das Wohnprojekt - Les Buissonniers du Plessis","robots":{"index":"index","follow":"follow","max-snippet":"max-snippet:-1","max-image-preview":"max-image-preview:large","max-video-preview":"max-video-preview:-1"},"canonical":"https:\/\/lesbuissonniersduplessis.casa\/index.php\/de\/les-buissonniers-du-plessis-deutsch\/","og_locale":"fr_FR","og_type":"article","og_title":"Das Wohnprojekt - Les Buissonniers du Plessis","og_description":"Les Buissonnier.e.s du PlessisGemeinschaftliches und inklusives Wohnprojekt Ein Ort, an dem es sich gut leben l\u00e4sst: Ein Projekt von sozialem Nutzen und kollektivem Wohlwollen. Was ist \u00fcberhaupt eine genossenschaftliche Wohngemeinschaft? Eine inklusive Wohngemeinschaft ist ein Ort, an dem die Bewohner:innen einen Teil ihres Alltags mit ihren Nachbarn:innen teilen k\u00f6nnen, und zwar auf der Grundlage gemeinsamer [&hellip;]","og_url":"https:\/\/lesbuissonniersduplessis.casa\/index.php\/de\/les-buissonniers-du-plessis-deutsch\/","og_site_name":"Les Buissonniers du Plessis","article_modified_time":"2026-01-26T18:13:35+00:00","og_image":[{"width":1464,"height":799,"url":"https:\/\/lesbuissonniersduplessis.casa\/wp-content\/uploads\/2024\/08\/Facade-sud-ouest-en-couleur-recadree.jpg","type":"image\/jpeg"}],"twitter_card":"summary_large_image","twitter_misc":{"Dur\u00e9e de lecture estim\u00e9e":"5 minutes"},"schema":{"@context":"https:\/\/schema.org","@graph":[{"@type":"WebPage","@id":"https:\/\/lesbuissonniersduplessis.casa\/index.php\/de\/les-buissonniers-du-plessis-deutsch\/","url":"https:\/\/lesbuissonniersduplessis.casa\/index.php\/de\/les-buissonniers-du-plessis-deutsch\/","name":"Das Wohnprojekt - Les Buissonniers du Plessis","isPartOf":{"@id":"https:\/\/lesbuissonniersduplessis.casa\/#website"},"primaryImageOfPage":{"@id":"https:\/\/lesbuissonniersduplessis.casa\/index.php\/de\/les-buissonniers-du-plessis-deutsch\/#primaryimage"},"image":{"@id":"https:\/\/lesbuissonniersduplessis.casa\/index.php\/de\/les-buissonniers-du-plessis-deutsch\/#primaryimage"},"thumbnailUrl":"https:\/\/lesbuissonniersduplessis.casa\/wp-content\/uploads\/2024\/08\/Facade-sud-ouest-en-couleur-recadree-1024x559.jpg","datePublished":"2024-09-12T13:14:56+00:00","dateModified":"2026-01-26T18:13:35+00:00","breadcrumb":{"@id":"https:\/\/lesbuissonniersduplessis.casa\/index.php\/de\/les-buissonniers-du-plessis-deutsch\/#breadcrumb"},"inLanguage":"fr-FR","potentialAction":[{"@type":"ReadAction","target":["https:\/\/lesbuissonniersduplessis.casa\/index.php\/de\/les-buissonniers-du-plessis-deutsch\/"]}]},{"@type":"ImageObject","inLanguage":"fr-FR","@id":"https:\/\/lesbuissonniersduplessis.casa\/index.php\/de\/les-buissonniers-du-plessis-deutsch\/#primaryimage","url":"https:\/\/lesbuissonniersduplessis.casa\/wp-content\/uploads\/2024\/08\/Facade-sud-ouest-en-couleur-recadree.jpg","contentUrl":"https:\/\/lesbuissonniersduplessis.casa\/wp-content\/uploads\/2024\/08\/Facade-sud-ouest-en-couleur-recadree.jpg","width":1464,"height":799,"caption":"Fa\u00e7ade arri\u00e8re"},{"@type":"BreadcrumbList","@id":"https:\/\/lesbuissonniersduplessis.casa\/index.php\/de\/les-buissonniers-du-plessis-deutsch\/#breadcrumb","itemListElement":[{"@type":"ListItem","position":1,"name":"Accueil","item":"https:\/\/lesbuissonniersduplessis.casa\/"},{"@type":"ListItem","position":2,"name":"Das Wohnprojekt"}]},{"@type":"WebSite","@id":"https:\/\/lesbuissonniersduplessis.casa\/#website","url":"https:\/\/lesbuissonniersduplessis.casa\/","name":"Les Buissonniers du Plessis","description":"Coop\u00e9rative d&#039;habitants - Habitat partag\u00e9 et participatif","publisher":{"@id":"https:\/\/lesbuissonniersduplessis.casa\/#organization"},"potentialAction":[{"@type":"SearchAction","target":{"@type":"EntryPoint","urlTemplate":"https:\/\/lesbuissonniersduplessis.casa\/?s={search_term_string}"},"query-input":{"@type":"PropertyValueSpecification","valueRequired":true,"valueName":"search_term_string"}}],"inLanguage":"fr-FR"},{"@type":"Organization","@id":"https:\/\/lesbuissonniersduplessis.casa\/#organization","name":"Les Buissonniers du Plessis","url":"https:\/\/lesbuissonniersduplessis.casa\/","logo":{"@type":"ImageObject","inLanguage":"fr-FR","@id":"https:\/\/lesbuissonniersduplessis.casa\/#\/schema\/logo\/image\/","url":"https:\/\/lesbuissonniersduplessis.casa\/wp-content\/uploads\/2026\/04\/cropped-header_herisson_2.png","contentUrl":"https:\/\/lesbuissonniersduplessis.casa\/wp-content\/uploads\/2026\/04\/cropped-header_herisson_2.png","width":1500,"height":374,"caption":"Les Buissonniers du Plessis"},"image":{"@id":"https:\/\/lesbuissonniersduplessis.casa\/#\/schema\/logo\/image\/"}}]}},"_links":{"self":[{"href":"https:\/\/lesbuissonniersduplessis.casa\/index.php\/wp-json\/wp\/v2\/pages\/75","targetHints":{"allow":["GET"]}}],"collection":[{"href":"https:\/\/lesbuissonniersduplessis.casa\/index.php\/wp-json\/wp\/v2\/pages"}],"about":[{"href":"https:\/\/lesbuissonniersduplessis.casa\/index.php\/wp-json\/wp\/v2\/types\/page"}],"author":[{"embeddable":true,"href":"https:\/\/lesbuissonniersduplessis.casa\/index.php\/wp-json\/wp\/v2\/users\/3"}],"replies":[{"embeddable":true,"href":"https:\/\/lesbuissonniersduplessis.casa\/index.php\/wp-json\/wp\/v2\/comments?post=75"}],"version-history":[{"count":40,"href":"https:\/\/lesbuissonniersduplessis.casa\/index.php\/wp-json\/wp\/v2\/pages\/75\/revisions"}],"predecessor-version":[{"id":1442,"href":"https:\/\/lesbuissonniersduplessis.casa\/index.php\/wp-json\/wp\/v2\/pages\/75\/revisions\/1442"}],"wp:attachment":[{"href":"https:\/\/lesbuissonniersduplessis.casa\/index.php\/wp-json\/wp\/v2\/media?parent=75"}],"curies":[{"name":"wp","href":"https:\/\/api.w.org\/{rel}","templated":true}]}}