{"id":79,"date":"2024-09-12T15:23:51","date_gmt":"2024-09-12T13:23:51","guid":{"rendered":"https:\/\/lesbuissonniersduplessis.casa\/?page_id=79"},"modified":"2025-11-10T15:43:28","modified_gmt":"2025-11-10T14:43:28","slug":"mitmachen","status":"publish","type":"page","link":"https:\/\/lesbuissonniersduplessis.casa\/index.php\/de\/mitmachen\/","title":{"rendered":"Mitmachen"},"content":{"rendered":"\n<h1 class=\"wp-block-heading\">Mitmachen<\/h1>\n\n\n\n<p>Der Traum wird Wirklichkeit. Du m\u00f6chtest dich dieser netten Truppe anschliessen, fragst dich, welches Grundst\u00fcck dein zuk\u00fcnftiges Zuhause sein wird \u2026? Jetzt ist alles m\u00f6glich. Wir haben bereits den Rahmen geschaffen und eine Reihe von Entscheidungen getroffen: rechtliche, administrative, materielle \u2026 Jetzt fehlst nur noch du!<\/p>\n\n\n\n<p>Wie bei jedem Projekt m\u00fcssen wir auch die finanziellen Mittel finden. Daf\u00fcr brauchen wir Unterst\u00fctzung.<\/p>\n\n\n\n<p><strong>Die Buissonnier.e.s brauchen Unterst\u00fctzung, deshalb wenden wir uns an die solidarische Gemeinschaft<\/strong>.<\/p>\n\n\n\n<p>Die \u201eBuissonnier.e.s du Plessis\u201d bieten eine gute Gelegenheit, Geld sinnvoll und nachhaltig anzulegen. Je mehr Eigenkapital wir aufbringen k\u00f6nnen, desto besser ist die finanzielle Lage der Genossenschaft und desto weniger m\u00fcssen wir auf Banken zur\u00fcckgreifen. Weiter unten erkl\u00e4ren wir, welche Arten von Investitionen m\u00f6glich sind und zu welchen Bedingungen.<\/p>\n\n\n\n<p>Hier findest du die Anleitung, wie du dazu beitragen kannst.<\/p>\n\n\n\n<p>Es ist wichtig zu beachten, dass die Genossenschaft Teil der Bewegung der Sozial &#8211; und Solidarwirtschaft (E.S.S.) ist. Unser Ziel ist also nicht die Bereicherung, sondern die Entwicklung eines besseren Zusammenlebens mit all den damit verbundenen Werten, die du bereits kennst. Es handelt sich auch um ein Anti-Spekulationsprojekt.<\/p>\n\n\n\n<p><strong>Investieren in Solidarit\u00e4t<\/strong><\/p>\n\n\n\n<p>Um Investitionen zu erm\u00f6glichen, haben wir verschiedene Arten von Anteilen definiert:<\/p>\n\n\n\n<p>\u2013 Nat\u00fcrlich gibt es die Genossenschaftsanteile der <strong>Kategorie A<\/strong>. Diese sind ausschliesslich f\u00fcr die Mitglieder der Genossenschaft bestimmt.<\/p>\n\n\n\n<p>\u2013 Es gibt die Gesellschaftsanteile der <strong>Kategorie B<\/strong>. Diese Anteile verleihen Stimmrechte in den Hauptversammlungen, ohne jedoch 35 % \u00fcberschreiten zu d\u00fcrfen, unterliegen jedoch wie die Anteile A den Gewinnen und Verlusten entsprechend dem Ergebnis des Gesch\u00e4ftsjahres.<\/p>\n\n\n\n<p>\u2013 Und schliesslich gibt es noch die Anteile der <strong>Kategorie C<\/strong>. Diese sind vorrangig verzinst, aber nicht stimmberechtigt. Diese Anteile werden zu einem Zinssatz verzinst, der h\u00f6chstens dem vom Wirtschaftsminister ver\u00f6ffentlichten durchschnittlichen Renditesatz f\u00fcr Anleihen privater Unternehmen (TMO) entspricht. Dieser Zinssatz \u00e4ndert sich alle sechs Monate. In unserem Fall wird dieser Zinssatz auf der Generalversammlung der \u201eBuissonnier.e.s du Plessis\u201d beschlossen. Er kann nach unten korrigiert werden, darf aber in keinem Fall \u00fcber dem TMO liegen.<\/p>\n\n\n\n<p>Dar\u00fcber hinaus muss jede\/r neue Investor:in bei der n\u00e4chsten Generalversammlung von den Genossenschaftsmitgliedern genehmigt werden.<\/p>\n\n\n\n<p><strong>Wie geht man vor?<\/strong><\/p>\n\n\n\n<p>Ganz einfach! Du sendest uns einfach einen Check oder \u00fcberweist den Betrag auf unser Konto und gibst dabei die gew\u00fcnschte Kategorie B oder C an. Wir senden dir umgehend eine Best\u00e4tigung \u00fcber den Eingang der Zahlung zu, in der die Kategorie, die Anzahl und die Nummerierung der entsprechenden Anteile angegeben sind.<\/p>\n\n\n\n<p>Der Betrag pro Anteil betr\u00e4gt 100 \u20ac. Dieser Betrag erm\u00f6glicht es allen, unabh\u00e4ngig von ihrem Einkommen, sich zu beteiligen. Du kannst so viele Anteile erwerben, wie du m\u00f6chtest, es gibt keine Beschr\u00e4nkung.<\/p>\n\n\n\n<p><strong>Laufzeit<\/strong><\/p>\n\n\n\n<p>Diese Art der Anlage, die wir als halbfl\u00fcssig bezeichnen, sollte ausschlie\u00dflich langfristig get\u00e4tigt werden. Die gesetzliche Mindestlaufzeit betr\u00e4gt f\u00fcnf Jahre. Diese Mindestlaufzeit ist vorgesehen, um die Genossenschaft nicht in Schwierigkeiten zu bringen.<\/p>\n\n\n\n<p>Im Falle eines Weiterverkaufs der Anteile betr\u00e4gt die Liquidit\u00e4t maximal zwei Jahre.<\/p>\n\n\n\n<p>Es ist daher von gr\u00f6sster Bedeutung, diese Ans\u00e4tze zu ber\u00fccksichtigen. Sie sind unverzichtbare Sicherheitsvorkehrungen, um die Gef\u00e4hrdung der Genossenschaft zu verringern und auch die Genossenschaftsmitglieder zu sch\u00fctzen.<\/p>\n\n\n\n<p>Dar\u00fcber hinaus muss jede\/r neue Investor:in von den Genossenschaftsmitgliedern der Anteile A und B genehmigt werden, was jedoch nur eine reine Formalit\u00e4t sein d\u00fcrfte. Wir hoffen, dir damit weitergeholfen zu haben. Wie bei allen Aktienk\u00e4ufen, sei es \u00fcber Banken, Makler, Versicherungen oder andere Anlagen und verschiedene Finanzb\u00fccher, k\u00f6nnen wir uns jedoch den Schwankungen und Risiken nicht entziehen, auch wenn diese in unserem Fall noch so gering sind.<\/p>\n\n\n\n<p><strong>Werte und Ethik<\/strong><\/p>\n\n\n\n<p>Wir wissen, dass diese Art von Investitionen in der franz\u00f6sischen Kultur noch wenig verbreitet ist. Wir m\u00fcssen daher Vertrauen schaffen und \u00fcberzeugen. Das Risiko ist begrenzt, denn wir spielen nicht Russisches Roulette mit deinem Geld! Wir sind nicht den M\u00e4rkten unterworfen! Es ist nicht ungew\u00f6hnlich, dass eine Bank oder ein Finanzinstitut in<br>Konkurs geht. Wie bei kurzen Vertriebswegen gibt es keine Zwischenh\u00e4ndler, sodass keine Provisionen oder andere Geb\u00fchren wie bei einem Finanzinstitut anfallen.<\/p>\n\n\n\n<p>Vor allem wird dein Geld nicht f\u00fcr falsche gr\u00fcne oder ethische Investitionen verwendet. Und auch nicht, um die Scharen multinationaler Konzerne zu m\u00e4sten, die dir unter dem Vorwand, pseudo-gr\u00fcn zu sein, Sand in die Augen streuen. Diese Unternehmen missachten vor deinen Augen alle grundlegenden Sozial- und Sicherheitsvorschriften.<\/p>\n\n\n\n<p>Bei Les Buissonnier.e.s geht es derzeit nicht um materielle Dinge, sondern um die menschliche Existenz, das Lebensumfeld und menschliche Werte. Der Mensch steht im Mittelpunkt unserer Werte und ist unser einziges Anliegen.<\/p>\n\n\n\n<p><strong>Fazit<\/strong><\/p>\n\n\n\n<p>Es ist also alles eine Frage der Philosophie, des pers\u00f6nlichen Engagements innerhalb der Genossenschaft und der Bereitschaft, Risiken einzugehen oder nicht.<\/p>\n\n\n\n<p>Wir hoffen, dass viele von euch sich uns anschliessen, Teil der neuen Pionier:innen zu werden und diese grosse Gemeinschaft zu bilden, um den Herausforderungen unserer immer h\u00e4rter und ungerechter werdenden Gesellschaften zu begegnen, Ungleichheiten abzubauen und gemeinsam ein besseres Leben und eine m\u00f6gliche Zukunft aufzubauen.<\/p>\n\n\n\n<p>Utopien, Tr\u00e4ume \u2013 m\u00f6gen sie Wirklichkeit werden, und vergiss nicht: Die Utopien von heute sind die Realit\u00e4ten von morgen (Victor Hugo, Pierre Rabhi, Martin Luther King, \u2026). Ein einfacher Wille, der nur von jeder\/jedem Einzelnen abh\u00e4ngt!<\/p>\n\n\n\n<p><\/p>\n","protected":false},"excerpt":{"rendered":"<p>Mitmachen Der Traum wird Wirklichkeit. Du m\u00f6chtest dich dieser netten Truppe anschliessen, fragst dich, welches Grundst\u00fcck dein zuk\u00fcnftiges Zuhause sein wird \u2026? Jetzt ist alles m\u00f6glich. Wir haben bereits den Rahmen geschaffen und eine Reihe von Entscheidungen getroffen: rechtliche, administrative, materielle \u2026 Jetzt fehlst nur noch du! Wie bei jedem Projekt m\u00fcssen wir auch die [&hellip;]<\/p>\n","protected":false},"author":3,"featured_media":0,"parent":0,"menu_order":0,"comment_status":"closed","ping_status":"closed","template":"","meta":{"ocean_post_layout":"","ocean_both_sidebars_style":"","ocean_both_sidebars_content_width":0,"ocean_both_sidebars_sidebars_width":0,"ocean_sidebar":"","ocean_second_sidebar":"","ocean_disable_margins":"enable","ocean_add_body_class":"","ocean_shortcode_before_top_bar":"","ocean_shortcode_after_top_bar":"","ocean_shortcode_before_header":"","ocean_shortcode_after_header":"","ocean_has_shortcode":"","ocean_shortcode_after_title":"","ocean_shortcode_before_footer_widgets":"","ocean_shortcode_after_footer_widgets":"","ocean_shortcode_before_footer_bottom":"","ocean_shortcode_after_footer_bottom":"","ocean_display_top_bar":"default","ocean_display_header":"default","ocean_header_style":"","ocean_center_header_left_menu":"","ocean_custom_header_template":"","ocean_custom_logo":0,"ocean_custom_retina_logo":0,"ocean_custom_logo_max_width":0,"ocean_custom_logo_tablet_max_width":0,"ocean_custom_logo_mobile_max_width":0,"ocean_custom_logo_max_height":0,"ocean_custom_logo_tablet_max_height":0,"ocean_custom_logo_mobile_max_height":0,"ocean_header_custom_menu":"","ocean_menu_typo_font_family":"","ocean_menu_typo_font_subset":"","ocean_menu_typo_font_size":0,"ocean_menu_typo_font_size_tablet":0,"ocean_menu_typo_font_size_mobile":0,"ocean_menu_typo_font_size_unit":"px","ocean_menu_typo_font_weight":"","ocean_menu_typo_font_weight_tablet":"","ocean_menu_typo_font_weight_mobile":"","ocean_menu_typo_transform":"","ocean_menu_typo_transform_tablet":"","ocean_menu_typo_transform_mobile":"","ocean_menu_typo_line_height":0,"ocean_menu_typo_line_height_tablet":0,"ocean_menu_typo_line_height_mobile":0,"ocean_menu_typo_line_height_unit":"","ocean_menu_typo_spacing":0,"ocean_menu_typo_spacing_tablet":0,"ocean_menu_typo_spacing_mobile":0,"ocean_menu_typo_spacing_unit":"","ocean_menu_link_color":"","ocean_menu_link_color_hover":"","ocean_menu_link_color_active":"","ocean_menu_link_background":"","ocean_menu_link_hover_background":"","ocean_menu_link_active_background":"","ocean_menu_social_links_bg":"","ocean_menu_social_hover_links_bg":"","ocean_menu_social_links_color":"","ocean_menu_social_hover_links_color":"","ocean_disable_title":"default","ocean_disable_heading":"default","ocean_post_title":"","ocean_post_subheading":"","ocean_post_title_style":"","ocean_post_title_background_color":"","ocean_post_title_background":0,"ocean_post_title_bg_image_position":"","ocean_post_title_bg_image_attachment":"","ocean_post_title_bg_image_repeat":"","ocean_post_title_bg_image_size":"","ocean_post_title_height":0,"ocean_post_title_bg_overlay":0.5,"ocean_post_title_bg_overlay_color":"","ocean_disable_breadcrumbs":"default","ocean_breadcrumbs_color":"","ocean_breadcrumbs_separator_color":"","ocean_breadcrumbs_links_color":"","ocean_breadcrumbs_links_hover_color":"","ocean_display_footer_widgets":"default","ocean_display_footer_bottom":"default","ocean_custom_footer_template":"","footnotes":""},"class_list":["post-79","page","type-page","status-publish","hentry","entry"],"yoast_head":"<!-- This site is optimized with the Yoast SEO plugin v27.4 - https:\/\/yoast.com\/product\/yoast-seo-wordpress\/ -->\n<title>Mitmachen - Les Buissonniers du Plessis<\/title>\n<meta name=\"robots\" content=\"index, follow, max-snippet:-1, max-image-preview:large, max-video-preview:-1\" \/>\n<link rel=\"canonical\" href=\"https:\/\/lesbuissonniersduplessis.casa\/index.php\/de\/mitmachen\/\" \/>\n<meta property=\"og:locale\" content=\"fr_FR\" \/>\n<meta property=\"og:type\" content=\"article\" \/>\n<meta property=\"og:title\" content=\"Mitmachen - Les Buissonniers du Plessis\" \/>\n<meta property=\"og:description\" content=\"Mitmachen Der Traum wird Wirklichkeit. Du m\u00f6chtest dich dieser netten Truppe anschliessen, fragst dich, welches Grundst\u00fcck dein zuk\u00fcnftiges Zuhause sein wird \u2026? Jetzt ist alles m\u00f6glich. Wir haben bereits den Rahmen geschaffen und eine Reihe von Entscheidungen getroffen: rechtliche, administrative, materielle \u2026 Jetzt fehlst nur noch du! Wie bei jedem Projekt m\u00fcssen wir auch die [&hellip;]\" \/>\n<meta property=\"og:url\" content=\"https:\/\/lesbuissonniersduplessis.casa\/index.php\/de\/mitmachen\/\" \/>\n<meta property=\"og:site_name\" content=\"Les Buissonniers du Plessis\" \/>\n<meta property=\"article:modified_time\" content=\"2025-11-10T14:43:28+00:00\" \/>\n<meta name=\"twitter:card\" content=\"summary_large_image\" \/>\n<meta name=\"twitter:label1\" content=\"Dur\u00e9e de lecture estim\u00e9e\" \/>\n\t<meta name=\"twitter:data1\" content=\"5 minutes\" \/>\n<script type=\"application\/ld+json\" class=\"yoast-schema-graph\">{\"@context\":\"https:\\\/\\\/schema.org\",\"@graph\":[{\"@type\":\"WebPage\",\"@id\":\"https:\\\/\\\/lesbuissonniersduplessis.casa\\\/index.php\\\/de\\\/mitmachen\\\/\",\"url\":\"https:\\\/\\\/lesbuissonniersduplessis.casa\\\/index.php\\\/de\\\/mitmachen\\\/\",\"name\":\"Mitmachen - Les Buissonniers du Plessis\",\"isPartOf\":{\"@id\":\"https:\\\/\\\/lesbuissonniersduplessis.casa\\\/#website\"},\"datePublished\":\"2024-09-12T13:23:51+00:00\",\"dateModified\":\"2025-11-10T14:43:28+00:00\",\"breadcrumb\":{\"@id\":\"https:\\\/\\\/lesbuissonniersduplessis.casa\\\/index.php\\\/de\\\/mitmachen\\\/#breadcrumb\"},\"inLanguage\":\"fr-FR\",\"potentialAction\":[{\"@type\":\"ReadAction\",\"target\":[\"https:\\\/\\\/lesbuissonniersduplessis.casa\\\/index.php\\\/de\\\/mitmachen\\\/\"]}]},{\"@type\":\"BreadcrumbList\",\"@id\":\"https:\\\/\\\/lesbuissonniersduplessis.casa\\\/index.php\\\/de\\\/mitmachen\\\/#breadcrumb\",\"itemListElement\":[{\"@type\":\"ListItem\",\"position\":1,\"name\":\"Accueil\",\"item\":\"https:\\\/\\\/lesbuissonniersduplessis.casa\\\/\"},{\"@type\":\"ListItem\",\"position\":2,\"name\":\"Mitmachen\"}]},{\"@type\":\"WebSite\",\"@id\":\"https:\\\/\\\/lesbuissonniersduplessis.casa\\\/#website\",\"url\":\"https:\\\/\\\/lesbuissonniersduplessis.casa\\\/\",\"name\":\"Les Buissonniers du Plessis\",\"description\":\"Coop\u00e9rative d&#039;habitants - Habitat partag\u00e9 et participatif\",\"publisher\":{\"@id\":\"https:\\\/\\\/lesbuissonniersduplessis.casa\\\/#organization\"},\"potentialAction\":[{\"@type\":\"SearchAction\",\"target\":{\"@type\":\"EntryPoint\",\"urlTemplate\":\"https:\\\/\\\/lesbuissonniersduplessis.casa\\\/?s={search_term_string}\"},\"query-input\":{\"@type\":\"PropertyValueSpecification\",\"valueRequired\":true,\"valueName\":\"search_term_string\"}}],\"inLanguage\":\"fr-FR\"},{\"@type\":\"Organization\",\"@id\":\"https:\\\/\\\/lesbuissonniersduplessis.casa\\\/#organization\",\"name\":\"Les Buissonniers du Plessis\",\"url\":\"https:\\\/\\\/lesbuissonniersduplessis.casa\\\/\",\"logo\":{\"@type\":\"ImageObject\",\"inLanguage\":\"fr-FR\",\"@id\":\"https:\\\/\\\/lesbuissonniersduplessis.casa\\\/#\\\/schema\\\/logo\\\/image\\\/\",\"url\":\"https:\\\/\\\/lesbuissonniersduplessis.casa\\\/wp-content\\\/uploads\\\/2026\\\/04\\\/cropped-header_herisson_2.png\",\"contentUrl\":\"https:\\\/\\\/lesbuissonniersduplessis.casa\\\/wp-content\\\/uploads\\\/2026\\\/04\\\/cropped-header_herisson_2.png\",\"width\":1500,\"height\":374,\"caption\":\"Les Buissonniers du Plessis\"},\"image\":{\"@id\":\"https:\\\/\\\/lesbuissonniersduplessis.casa\\\/#\\\/schema\\\/logo\\\/image\\\/\"}}]}<\/script>\n<!-- \/ Yoast SEO plugin. -->","yoast_head_json":{"title":"Mitmachen - Les Buissonniers du Plessis","robots":{"index":"index","follow":"follow","max-snippet":"max-snippet:-1","max-image-preview":"max-image-preview:large","max-video-preview":"max-video-preview:-1"},"canonical":"https:\/\/lesbuissonniersduplessis.casa\/index.php\/de\/mitmachen\/","og_locale":"fr_FR","og_type":"article","og_title":"Mitmachen - Les Buissonniers du Plessis","og_description":"Mitmachen Der Traum wird Wirklichkeit. Du m\u00f6chtest dich dieser netten Truppe anschliessen, fragst dich, welches Grundst\u00fcck dein zuk\u00fcnftiges Zuhause sein wird \u2026? Jetzt ist alles m\u00f6glich. Wir haben bereits den Rahmen geschaffen und eine Reihe von Entscheidungen getroffen: rechtliche, administrative, materielle \u2026 Jetzt fehlst nur noch du! Wie bei jedem Projekt m\u00fcssen wir auch die [&hellip;]","og_url":"https:\/\/lesbuissonniersduplessis.casa\/index.php\/de\/mitmachen\/","og_site_name":"Les Buissonniers du Plessis","article_modified_time":"2025-11-10T14:43:28+00:00","twitter_card":"summary_large_image","twitter_misc":{"Dur\u00e9e de lecture estim\u00e9e":"5 minutes"},"schema":{"@context":"https:\/\/schema.org","@graph":[{"@type":"WebPage","@id":"https:\/\/lesbuissonniersduplessis.casa\/index.php\/de\/mitmachen\/","url":"https:\/\/lesbuissonniersduplessis.casa\/index.php\/de\/mitmachen\/","name":"Mitmachen - Les Buissonniers du Plessis","isPartOf":{"@id":"https:\/\/lesbuissonniersduplessis.casa\/#website"},"datePublished":"2024-09-12T13:23:51+00:00","dateModified":"2025-11-10T14:43:28+00:00","breadcrumb":{"@id":"https:\/\/lesbuissonniersduplessis.casa\/index.php\/de\/mitmachen\/#breadcrumb"},"inLanguage":"fr-FR","potentialAction":[{"@type":"ReadAction","target":["https:\/\/lesbuissonniersduplessis.casa\/index.php\/de\/mitmachen\/"]}]},{"@type":"BreadcrumbList","@id":"https:\/\/lesbuissonniersduplessis.casa\/index.php\/de\/mitmachen\/#breadcrumb","itemListElement":[{"@type":"ListItem","position":1,"name":"Accueil","item":"https:\/\/lesbuissonniersduplessis.casa\/"},{"@type":"ListItem","position":2,"name":"Mitmachen"}]},{"@type":"WebSite","@id":"https:\/\/lesbuissonniersduplessis.casa\/#website","url":"https:\/\/lesbuissonniersduplessis.casa\/","name":"Les Buissonniers du Plessis","description":"Coop\u00e9rative d&#039;habitants - Habitat partag\u00e9 et participatif","publisher":{"@id":"https:\/\/lesbuissonniersduplessis.casa\/#organization"},"potentialAction":[{"@type":"SearchAction","target":{"@type":"EntryPoint","urlTemplate":"https:\/\/lesbuissonniersduplessis.casa\/?s={search_term_string}"},"query-input":{"@type":"PropertyValueSpecification","valueRequired":true,"valueName":"search_term_string"}}],"inLanguage":"fr-FR"},{"@type":"Organization","@id":"https:\/\/lesbuissonniersduplessis.casa\/#organization","name":"Les Buissonniers du Plessis","url":"https:\/\/lesbuissonniersduplessis.casa\/","logo":{"@type":"ImageObject","inLanguage":"fr-FR","@id":"https:\/\/lesbuissonniersduplessis.casa\/#\/schema\/logo\/image\/","url":"https:\/\/lesbuissonniersduplessis.casa\/wp-content\/uploads\/2026\/04\/cropped-header_herisson_2.png","contentUrl":"https:\/\/lesbuissonniersduplessis.casa\/wp-content\/uploads\/2026\/04\/cropped-header_herisson_2.png","width":1500,"height":374,"caption":"Les Buissonniers du Plessis"},"image":{"@id":"https:\/\/lesbuissonniersduplessis.casa\/#\/schema\/logo\/image\/"}}]}},"_links":{"self":[{"href":"https:\/\/lesbuissonniersduplessis.casa\/index.php\/wp-json\/wp\/v2\/pages\/79","targetHints":{"allow":["GET"]}}],"collection":[{"href":"https:\/\/lesbuissonniersduplessis.casa\/index.php\/wp-json\/wp\/v2\/pages"}],"about":[{"href":"https:\/\/lesbuissonniersduplessis.casa\/index.php\/wp-json\/wp\/v2\/types\/page"}],"author":[{"embeddable":true,"href":"https:\/\/lesbuissonniersduplessis.casa\/index.php\/wp-json\/wp\/v2\/users\/3"}],"replies":[{"embeddable":true,"href":"https:\/\/lesbuissonniersduplessis.casa\/index.php\/wp-json\/wp\/v2\/comments?post=79"}],"version-history":[{"count":34,"href":"https:\/\/lesbuissonniersduplessis.casa\/index.php\/wp-json\/wp\/v2\/pages\/79\/revisions"}],"predecessor-version":[{"id":1421,"href":"https:\/\/lesbuissonniersduplessis.casa\/index.php\/wp-json\/wp\/v2\/pages\/79\/revisions\/1421"}],"wp:attachment":[{"href":"https:\/\/lesbuissonniersduplessis.casa\/index.php\/wp-json\/wp\/v2\/media?parent=79"}],"curies":[{"name":"wp","href":"https:\/\/api.w.org\/{rel}","templated":true}]}}