{"id":81,"date":"2024-09-12T15:24:27","date_gmt":"2024-09-12T13:24:27","guid":{"rendered":"https:\/\/lesbuissonniersduplessis.casa\/?page_id=81"},"modified":"2025-11-10T15:40:40","modified_gmt":"2025-11-10T14:40:40","slug":"mitverfolgen","status":"publish","type":"page","link":"https:\/\/lesbuissonniersduplessis.casa\/index.php\/de\/mitverfolgen\/","title":{"rendered":"Mitverfolgen"},"content":{"rendered":"\n<h1 class=\"wp-block-heading\">Den Fortschritt sehen<\/h1>\n\n\n\n<p>Das Gemeinschaftshaus ist bereits renoviert. Es ist der Ort, an dem sich die Bewohner:innen treffen. Es ist auch der Raum, der zur Verf\u00fcgung steht, um Freunde und unsere Familien zu empfangen, die zu Besuch kommen. Die Werkstatt ist fertig gebaut und die Pl\u00e4ne f\u00fcr die Gestaltung der Scheune sind mit der Architektin ausgearbeitet. F\u00fcr sie wurde eine Baugenehmigung beantragt und bewilligt: Konkret sollen in der Scheune sechs Wohnungen gebaut werden (nat\u00fcrlich unter Ber\u00fccksichtigung \u00f6kologischer Standards). Wir hoffen, in anderthalb bis maximal zwei Jahren (2027) in die Scheune einziehen zu k\u00f6nnen.<\/p>\n\n\n\n<figure class=\"wp-block-image size-large\"><img loading=\"lazy\" decoding=\"async\" width=\"1024\" height=\"576\" src=\"https:\/\/lesbuissonniersduplessis.casa\/wp-content\/uploads\/2025\/07\/Atelier-bricole-1024x576.jpg\" alt=\"\" class=\"wp-image-1353\" srcset=\"https:\/\/lesbuissonniersduplessis.casa\/wp-content\/uploads\/2025\/07\/Atelier-bricole-1024x576.jpg 1024w, https:\/\/lesbuissonniersduplessis.casa\/wp-content\/uploads\/2025\/07\/Atelier-bricole-300x169.jpg 300w, https:\/\/lesbuissonniersduplessis.casa\/wp-content\/uploads\/2025\/07\/Atelier-bricole-768x432.jpg 768w, https:\/\/lesbuissonniersduplessis.casa\/wp-content\/uploads\/2025\/07\/Atelier-bricole-1536x864.jpg 1536w, https:\/\/lesbuissonniersduplessis.casa\/wp-content\/uploads\/2025\/07\/Atelier-bricole-2048x1152.jpg 2048w, https:\/\/lesbuissonniersduplessis.casa\/wp-content\/uploads\/2025\/07\/Atelier-bricole-800x450.jpg 800w\" sizes=\"auto, (max-width: 1024px) 100vw, 1024px\" \/><figcaption class=\"wp-element-caption\">Die Werkstatt<\/figcaption><\/figure>\n\n\n\n<figure class=\"wp-block-image size-large\"><img loading=\"lazy\" decoding=\"async\" width=\"1024\" height=\"576\" src=\"https:\/\/lesbuissonniersduplessis.casa\/wp-content\/uploads\/2024\/09\/20240617_181340-1024x576.jpg\" alt=\"\" class=\"wp-image-1074\" srcset=\"https:\/\/lesbuissonniersduplessis.casa\/wp-content\/uploads\/2024\/09\/20240617_181340-1024x576.jpg 1024w, https:\/\/lesbuissonniersduplessis.casa\/wp-content\/uploads\/2024\/09\/20240617_181340-300x169.jpg 300w, https:\/\/lesbuissonniersduplessis.casa\/wp-content\/uploads\/2024\/09\/20240617_181340-768x432.jpg 768w, https:\/\/lesbuissonniersduplessis.casa\/wp-content\/uploads\/2024\/09\/20240617_181340-1536x864.jpg 1536w, https:\/\/lesbuissonniersduplessis.casa\/wp-content\/uploads\/2024\/09\/20240617_181340-2048x1152.jpg 2048w, https:\/\/lesbuissonniersduplessis.casa\/wp-content\/uploads\/2024\/09\/20240617_181340-800x450.jpg 800w\" sizes=\"auto, (max-width: 1024px) 100vw, 1024px\" \/><figcaption class=\"wp-element-caption\">Bau der Werkstatt<\/figcaption><\/figure>\n\n\n\n<figure class=\"wp-block-image size-large\"><img loading=\"lazy\" decoding=\"async\" width=\"1024\" height=\"576\" src=\"https:\/\/lesbuissonniersduplessis.casa\/wp-content\/uploads\/2024\/09\/20240308_123949-1024x576.jpg\" alt=\"\" class=\"wp-image-1067\" srcset=\"https:\/\/lesbuissonniersduplessis.casa\/wp-content\/uploads\/2024\/09\/20240308_123949-1024x576.jpg 1024w, https:\/\/lesbuissonniersduplessis.casa\/wp-content\/uploads\/2024\/09\/20240308_123949-300x169.jpg 300w, https:\/\/lesbuissonniersduplessis.casa\/wp-content\/uploads\/2024\/09\/20240308_123949-768x432.jpg 768w, https:\/\/lesbuissonniersduplessis.casa\/wp-content\/uploads\/2024\/09\/20240308_123949-1536x864.jpg 1536w, https:\/\/lesbuissonniersduplessis.casa\/wp-content\/uploads\/2024\/09\/20240308_123949-2048x1152.jpg 2048w, https:\/\/lesbuissonniersduplessis.casa\/wp-content\/uploads\/2024\/09\/20240308_123949-800x450.jpg 800w\" sizes=\"auto, (max-width: 1024px) 100vw, 1024px\" \/><figcaption class=\"wp-element-caption\">Bau der Werkstatt<\/figcaption><\/figure>\n\n\n\n<figure class=\"wp-block-image size-large\"><img loading=\"lazy\" decoding=\"async\" width=\"1024\" height=\"615\" src=\"https:\/\/lesbuissonniersduplessis.casa\/wp-content\/uploads\/2024\/09\/cropped-20231022_134651-scaled-1-1024x615.jpg\" alt=\"\" class=\"wp-image-983\" srcset=\"https:\/\/lesbuissonniersduplessis.casa\/wp-content\/uploads\/2024\/09\/cropped-20231022_134651-scaled-1-1024x615.jpg 1024w, https:\/\/lesbuissonniersduplessis.casa\/wp-content\/uploads\/2024\/09\/cropped-20231022_134651-scaled-1-300x180.jpg 300w, https:\/\/lesbuissonniersduplessis.casa\/wp-content\/uploads\/2024\/09\/cropped-20231022_134651-scaled-1-768x461.jpg 768w, https:\/\/lesbuissonniersduplessis.casa\/wp-content\/uploads\/2024\/09\/cropped-20231022_134651-scaled-1-1536x922.jpg 1536w, https:\/\/lesbuissonniersduplessis.casa\/wp-content\/uploads\/2024\/09\/cropped-20231022_134651-scaled-1.jpg 2000w\" sizes=\"auto, (max-width: 1024px) 100vw, 1024px\" \/><figcaption class=\"wp-element-caption\">Bau der Werkstatt<\/figcaption><\/figure>\n\n\n\n<p><\/p>\n","protected":false},"excerpt":{"rendered":"<p>Den Fortschritt sehen Das Gemeinschaftshaus ist bereits renoviert. Es ist der Ort, an dem sich die Bewohner:innen treffen. Es ist auch der Raum, der zur Verf\u00fcgung steht, um Freunde und unsere Familien zu empfangen, die zu Besuch kommen. Die Werkstatt ist fertig gebaut und die Pl\u00e4ne f\u00fcr die Gestaltung der Scheune sind mit der Architektin [&hellip;]<\/p>\n","protected":false},"author":3,"featured_media":0,"parent":0,"menu_order":0,"comment_status":"closed","ping_status":"closed","template":"","meta":{"ocean_post_layout":"","ocean_both_sidebars_style":"","ocean_both_sidebars_content_width":0,"ocean_both_sidebars_sidebars_width":0,"ocean_sidebar":"","ocean_second_sidebar":"","ocean_disable_margins":"enable","ocean_add_body_class":"","ocean_shortcode_before_top_bar":"","ocean_shortcode_after_top_bar":"","ocean_shortcode_before_header":"","ocean_shortcode_after_header":"","ocean_has_shortcode":"","ocean_shortcode_after_title":"","ocean_shortcode_before_footer_widgets":"","ocean_shortcode_after_footer_widgets":"","ocean_shortcode_before_footer_bottom":"","ocean_shortcode_after_footer_bottom":"","ocean_display_top_bar":"default","ocean_display_header":"default","ocean_header_style":"","ocean_center_header_left_menu":"","ocean_custom_header_template":"","ocean_custom_logo":0,"ocean_custom_retina_logo":0,"ocean_custom_logo_max_width":0,"ocean_custom_logo_tablet_max_width":0,"ocean_custom_logo_mobile_max_width":0,"ocean_custom_logo_max_height":0,"ocean_custom_logo_tablet_max_height":0,"ocean_custom_logo_mobile_max_height":0,"ocean_header_custom_menu":"","ocean_menu_typo_font_family":"","ocean_menu_typo_font_subset":"","ocean_menu_typo_font_size":0,"ocean_menu_typo_font_size_tablet":0,"ocean_menu_typo_font_size_mobile":0,"ocean_menu_typo_font_size_unit":"px","ocean_menu_typo_font_weight":"","ocean_menu_typo_font_weight_tablet":"","ocean_menu_typo_font_weight_mobile":"","ocean_menu_typo_transform":"","ocean_menu_typo_transform_tablet":"","ocean_menu_typo_transform_mobile":"","ocean_menu_typo_line_height":0,"ocean_menu_typo_line_height_tablet":0,"ocean_menu_typo_line_height_mobile":0,"ocean_menu_typo_line_height_unit":"","ocean_menu_typo_spacing":0,"ocean_menu_typo_spacing_tablet":0,"ocean_menu_typo_spacing_mobile":0,"ocean_menu_typo_spacing_unit":"","ocean_menu_link_color":"","ocean_menu_link_color_hover":"","ocean_menu_link_color_active":"","ocean_menu_link_background":"","ocean_menu_link_hover_background":"","ocean_menu_link_active_background":"","ocean_menu_social_links_bg":"","ocean_menu_social_hover_links_bg":"","ocean_menu_social_links_color":"","ocean_menu_social_hover_links_color":"","ocean_disable_title":"default","ocean_disable_heading":"default","ocean_post_title":"","ocean_post_subheading":"","ocean_post_title_style":"","ocean_post_title_background_color":"","ocean_post_title_background":0,"ocean_post_title_bg_image_position":"","ocean_post_title_bg_image_attachment":"","ocean_post_title_bg_image_repeat":"","ocean_post_title_bg_image_size":"","ocean_post_title_height":0,"ocean_post_title_bg_overlay":0.5,"ocean_post_title_bg_overlay_color":"","ocean_disable_breadcrumbs":"default","ocean_breadcrumbs_color":"","ocean_breadcrumbs_separator_color":"","ocean_breadcrumbs_links_color":"","ocean_breadcrumbs_links_hover_color":"","ocean_display_footer_widgets":"default","ocean_display_footer_bottom":"default","ocean_custom_footer_template":"","footnotes":""},"class_list":["post-81","page","type-page","status-publish","hentry","entry"],"yoast_head":"<!-- This site is optimized with the Yoast SEO plugin v27.4 - https:\/\/yoast.com\/product\/yoast-seo-wordpress\/ -->\n<title>Mitverfolgen - Les Buissonniers du Plessis<\/title>\n<meta name=\"robots\" content=\"index, follow, max-snippet:-1, max-image-preview:large, max-video-preview:-1\" \/>\n<link rel=\"canonical\" href=\"https:\/\/lesbuissonniersduplessis.casa\/index.php\/de\/mitverfolgen\/\" \/>\n<meta property=\"og:locale\" content=\"fr_FR\" \/>\n<meta property=\"og:type\" content=\"article\" \/>\n<meta property=\"og:title\" content=\"Mitverfolgen - Les Buissonniers du Plessis\" \/>\n<meta property=\"og:description\" content=\"Den Fortschritt sehen Das Gemeinschaftshaus ist bereits renoviert. Es ist der Ort, an dem sich die Bewohner:innen treffen. Es ist auch der Raum, der zur Verf\u00fcgung steht, um Freunde und unsere Familien zu empfangen, die zu Besuch kommen. Die Werkstatt ist fertig gebaut und die Pl\u00e4ne f\u00fcr die Gestaltung der Scheune sind mit der Architektin [&hellip;]\" \/>\n<meta property=\"og:url\" content=\"https:\/\/lesbuissonniersduplessis.casa\/index.php\/de\/mitverfolgen\/\" \/>\n<meta property=\"og:site_name\" content=\"Les Buissonniers du Plessis\" \/>\n<meta property=\"article:modified_time\" content=\"2025-11-10T14:40:40+00:00\" \/>\n<meta property=\"og:image\" content=\"https:\/\/lesbuissonniersduplessis.casa\/wp-content\/uploads\/2025\/07\/Atelier-bricole-scaled.jpg\" \/>\n\t<meta property=\"og:image:width\" content=\"2560\" \/>\n\t<meta property=\"og:image:height\" content=\"1440\" \/>\n\t<meta property=\"og:image:type\" content=\"image\/jpeg\" \/>\n<meta name=\"twitter:card\" content=\"summary_large_image\" \/>\n<meta name=\"twitter:label1\" content=\"Dur\u00e9e de lecture estim\u00e9e\" \/>\n\t<meta name=\"twitter:data1\" content=\"2 minutes\" \/>\n<script type=\"application\/ld+json\" class=\"yoast-schema-graph\">{\"@context\":\"https:\\\/\\\/schema.org\",\"@graph\":[{\"@type\":\"WebPage\",\"@id\":\"https:\\\/\\\/lesbuissonniersduplessis.casa\\\/index.php\\\/de\\\/mitverfolgen\\\/\",\"url\":\"https:\\\/\\\/lesbuissonniersduplessis.casa\\\/index.php\\\/de\\\/mitverfolgen\\\/\",\"name\":\"Mitverfolgen - Les Buissonniers du Plessis\",\"isPartOf\":{\"@id\":\"https:\\\/\\\/lesbuissonniersduplessis.casa\\\/#website\"},\"primaryImageOfPage\":{\"@id\":\"https:\\\/\\\/lesbuissonniersduplessis.casa\\\/index.php\\\/de\\\/mitverfolgen\\\/#primaryimage\"},\"image\":{\"@id\":\"https:\\\/\\\/lesbuissonniersduplessis.casa\\\/index.php\\\/de\\\/mitverfolgen\\\/#primaryimage\"},\"thumbnailUrl\":\"https:\\\/\\\/lesbuissonniersduplessis.casa\\\/wp-content\\\/uploads\\\/2025\\\/07\\\/Atelier-bricole-1024x576.jpg\",\"datePublished\":\"2024-09-12T13:24:27+00:00\",\"dateModified\":\"2025-11-10T14:40:40+00:00\",\"breadcrumb\":{\"@id\":\"https:\\\/\\\/lesbuissonniersduplessis.casa\\\/index.php\\\/de\\\/mitverfolgen\\\/#breadcrumb\"},\"inLanguage\":\"fr-FR\",\"potentialAction\":[{\"@type\":\"ReadAction\",\"target\":[\"https:\\\/\\\/lesbuissonniersduplessis.casa\\\/index.php\\\/de\\\/mitverfolgen\\\/\"]}]},{\"@type\":\"ImageObject\",\"inLanguage\":\"fr-FR\",\"@id\":\"https:\\\/\\\/lesbuissonniersduplessis.casa\\\/index.php\\\/de\\\/mitverfolgen\\\/#primaryimage\",\"url\":\"https:\\\/\\\/lesbuissonniersduplessis.casa\\\/wp-content\\\/uploads\\\/2025\\\/07\\\/Atelier-bricole-scaled.jpg\",\"contentUrl\":\"https:\\\/\\\/lesbuissonniersduplessis.casa\\\/wp-content\\\/uploads\\\/2025\\\/07\\\/Atelier-bricole-scaled.jpg\",\"width\":2560,\"height\":1440},{\"@type\":\"BreadcrumbList\",\"@id\":\"https:\\\/\\\/lesbuissonniersduplessis.casa\\\/index.php\\\/de\\\/mitverfolgen\\\/#breadcrumb\",\"itemListElement\":[{\"@type\":\"ListItem\",\"position\":1,\"name\":\"Accueil\",\"item\":\"https:\\\/\\\/lesbuissonniersduplessis.casa\\\/\"},{\"@type\":\"ListItem\",\"position\":2,\"name\":\"Mitverfolgen\"}]},{\"@type\":\"WebSite\",\"@id\":\"https:\\\/\\\/lesbuissonniersduplessis.casa\\\/#website\",\"url\":\"https:\\\/\\\/lesbuissonniersduplessis.casa\\\/\",\"name\":\"Les Buissonniers du Plessis\",\"description\":\"Coop\u00e9rative d&#039;habitants - Habitat partag\u00e9 et participatif\",\"publisher\":{\"@id\":\"https:\\\/\\\/lesbuissonniersduplessis.casa\\\/#organization\"},\"potentialAction\":[{\"@type\":\"SearchAction\",\"target\":{\"@type\":\"EntryPoint\",\"urlTemplate\":\"https:\\\/\\\/lesbuissonniersduplessis.casa\\\/?s={search_term_string}\"},\"query-input\":{\"@type\":\"PropertyValueSpecification\",\"valueRequired\":true,\"valueName\":\"search_term_string\"}}],\"inLanguage\":\"fr-FR\"},{\"@type\":\"Organization\",\"@id\":\"https:\\\/\\\/lesbuissonniersduplessis.casa\\\/#organization\",\"name\":\"Les Buissonniers du Plessis\",\"url\":\"https:\\\/\\\/lesbuissonniersduplessis.casa\\\/\",\"logo\":{\"@type\":\"ImageObject\",\"inLanguage\":\"fr-FR\",\"@id\":\"https:\\\/\\\/lesbuissonniersduplessis.casa\\\/#\\\/schema\\\/logo\\\/image\\\/\",\"url\":\"https:\\\/\\\/lesbuissonniersduplessis.casa\\\/wp-content\\\/uploads\\\/2026\\\/04\\\/cropped-header_herisson_2.png\",\"contentUrl\":\"https:\\\/\\\/lesbuissonniersduplessis.casa\\\/wp-content\\\/uploads\\\/2026\\\/04\\\/cropped-header_herisson_2.png\",\"width\":1500,\"height\":374,\"caption\":\"Les Buissonniers du Plessis\"},\"image\":{\"@id\":\"https:\\\/\\\/lesbuissonniersduplessis.casa\\\/#\\\/schema\\\/logo\\\/image\\\/\"}}]}<\/script>\n<!-- \/ Yoast SEO plugin. -->","yoast_head_json":{"title":"Mitverfolgen - Les Buissonniers du Plessis","robots":{"index":"index","follow":"follow","max-snippet":"max-snippet:-1","max-image-preview":"max-image-preview:large","max-video-preview":"max-video-preview:-1"},"canonical":"https:\/\/lesbuissonniersduplessis.casa\/index.php\/de\/mitverfolgen\/","og_locale":"fr_FR","og_type":"article","og_title":"Mitverfolgen - Les Buissonniers du Plessis","og_description":"Den Fortschritt sehen Das Gemeinschaftshaus ist bereits renoviert. Es ist der Ort, an dem sich die Bewohner:innen treffen. Es ist auch der Raum, der zur Verf\u00fcgung steht, um Freunde und unsere Familien zu empfangen, die zu Besuch kommen. Die Werkstatt ist fertig gebaut und die Pl\u00e4ne f\u00fcr die Gestaltung der Scheune sind mit der Architektin [&hellip;]","og_url":"https:\/\/lesbuissonniersduplessis.casa\/index.php\/de\/mitverfolgen\/","og_site_name":"Les Buissonniers du Plessis","article_modified_time":"2025-11-10T14:40:40+00:00","og_image":[{"width":2560,"height":1440,"url":"https:\/\/lesbuissonniersduplessis.casa\/wp-content\/uploads\/2025\/07\/Atelier-bricole-scaled.jpg","type":"image\/jpeg"}],"twitter_card":"summary_large_image","twitter_misc":{"Dur\u00e9e de lecture estim\u00e9e":"2 minutes"},"schema":{"@context":"https:\/\/schema.org","@graph":[{"@type":"WebPage","@id":"https:\/\/lesbuissonniersduplessis.casa\/index.php\/de\/mitverfolgen\/","url":"https:\/\/lesbuissonniersduplessis.casa\/index.php\/de\/mitverfolgen\/","name":"Mitverfolgen - Les Buissonniers du Plessis","isPartOf":{"@id":"https:\/\/lesbuissonniersduplessis.casa\/#website"},"primaryImageOfPage":{"@id":"https:\/\/lesbuissonniersduplessis.casa\/index.php\/de\/mitverfolgen\/#primaryimage"},"image":{"@id":"https:\/\/lesbuissonniersduplessis.casa\/index.php\/de\/mitverfolgen\/#primaryimage"},"thumbnailUrl":"https:\/\/lesbuissonniersduplessis.casa\/wp-content\/uploads\/2025\/07\/Atelier-bricole-1024x576.jpg","datePublished":"2024-09-12T13:24:27+00:00","dateModified":"2025-11-10T14:40:40+00:00","breadcrumb":{"@id":"https:\/\/lesbuissonniersduplessis.casa\/index.php\/de\/mitverfolgen\/#breadcrumb"},"inLanguage":"fr-FR","potentialAction":[{"@type":"ReadAction","target":["https:\/\/lesbuissonniersduplessis.casa\/index.php\/de\/mitverfolgen\/"]}]},{"@type":"ImageObject","inLanguage":"fr-FR","@id":"https:\/\/lesbuissonniersduplessis.casa\/index.php\/de\/mitverfolgen\/#primaryimage","url":"https:\/\/lesbuissonniersduplessis.casa\/wp-content\/uploads\/2025\/07\/Atelier-bricole-scaled.jpg","contentUrl":"https:\/\/lesbuissonniersduplessis.casa\/wp-content\/uploads\/2025\/07\/Atelier-bricole-scaled.jpg","width":2560,"height":1440},{"@type":"BreadcrumbList","@id":"https:\/\/lesbuissonniersduplessis.casa\/index.php\/de\/mitverfolgen\/#breadcrumb","itemListElement":[{"@type":"ListItem","position":1,"name":"Accueil","item":"https:\/\/lesbuissonniersduplessis.casa\/"},{"@type":"ListItem","position":2,"name":"Mitverfolgen"}]},{"@type":"WebSite","@id":"https:\/\/lesbuissonniersduplessis.casa\/#website","url":"https:\/\/lesbuissonniersduplessis.casa\/","name":"Les Buissonniers du Plessis","description":"Coop\u00e9rative d&#039;habitants - Habitat partag\u00e9 et participatif","publisher":{"@id":"https:\/\/lesbuissonniersduplessis.casa\/#organization"},"potentialAction":[{"@type":"SearchAction","target":{"@type":"EntryPoint","urlTemplate":"https:\/\/lesbuissonniersduplessis.casa\/?s={search_term_string}"},"query-input":{"@type":"PropertyValueSpecification","valueRequired":true,"valueName":"search_term_string"}}],"inLanguage":"fr-FR"},{"@type":"Organization","@id":"https:\/\/lesbuissonniersduplessis.casa\/#organization","name":"Les Buissonniers du Plessis","url":"https:\/\/lesbuissonniersduplessis.casa\/","logo":{"@type":"ImageObject","inLanguage":"fr-FR","@id":"https:\/\/lesbuissonniersduplessis.casa\/#\/schema\/logo\/image\/","url":"https:\/\/lesbuissonniersduplessis.casa\/wp-content\/uploads\/2026\/04\/cropped-header_herisson_2.png","contentUrl":"https:\/\/lesbuissonniersduplessis.casa\/wp-content\/uploads\/2026\/04\/cropped-header_herisson_2.png","width":1500,"height":374,"caption":"Les Buissonniers du Plessis"},"image":{"@id":"https:\/\/lesbuissonniersduplessis.casa\/#\/schema\/logo\/image\/"}}]}},"_links":{"self":[{"href":"https:\/\/lesbuissonniersduplessis.casa\/index.php\/wp-json\/wp\/v2\/pages\/81","targetHints":{"allow":["GET"]}}],"collection":[{"href":"https:\/\/lesbuissonniersduplessis.casa\/index.php\/wp-json\/wp\/v2\/pages"}],"about":[{"href":"https:\/\/lesbuissonniersduplessis.casa\/index.php\/wp-json\/wp\/v2\/types\/page"}],"author":[{"embeddable":true,"href":"https:\/\/lesbuissonniersduplessis.casa\/index.php\/wp-json\/wp\/v2\/users\/3"}],"replies":[{"embeddable":true,"href":"https:\/\/lesbuissonniersduplessis.casa\/index.php\/wp-json\/wp\/v2\/comments?post=81"}],"version-history":[{"count":18,"href":"https:\/\/lesbuissonniersduplessis.casa\/index.php\/wp-json\/wp\/v2\/pages\/81\/revisions"}],"predecessor-version":[{"id":1431,"href":"https:\/\/lesbuissonniersduplessis.casa\/index.php\/wp-json\/wp\/v2\/pages\/81\/revisions\/1431"}],"wp:attachment":[{"href":"https:\/\/lesbuissonniersduplessis.casa\/index.php\/wp-json\/wp\/v2\/media?parent=81"}],"curies":[{"name":"wp","href":"https:\/\/api.w.org\/{rel}","templated":true}]}}