{"id":9,"date":"2024-08-22T11:38:59","date_gmt":"2024-08-22T09:38:59","guid":{"rendered":"https:\/\/lesbuissonniersduplessis.casa\/?page_id=9"},"modified":"2026-01-26T19:08:09","modified_gmt":"2026-01-26T18:08:09","slug":"accueil","status":"publish","type":"page","link":"https:\/\/lesbuissonniersduplessis.casa\/","title":{"rendered":"Le projet"},"content":{"rendered":"\n<h1 class=\"wp-block-heading has-text-align-left\">Les Buissonnier.e.s du Plessis<br>Projet d\u2019habitat coop\u00e9ratif partag\u00e9 et inclusif <\/h1>\n\n\n\n<p class=\"has-text-align-left has-medium-font-size\"><strong>Le lieu o\u00f9 il fait bon vivre  : Un projet d&rsquo;utilit\u00e9 sociale et de bienveillance collective.<\/strong> <\/p>\n\n\n\n<p>Tout d&rsquo;abord, qu&rsquo;est-ce qu&rsquo;un habitat partag\u00e9 coop\u00e9ratif ?<\/p>\n\n\n\n<p>Un habitat partag\u00e9 inclusif, par d\u00e9finition, est <strong>un lieu de vie<\/strong> dans lequel les habitants peuvent partager une partie de leur quotidien avec leurs voisins, et ce, sur la base de valeurs communes (solidarit\u00e9, partage, entraide, lutte contre l\u2019exclusion et l\u2019isolement). L&rsquo;habitat partag\u00e9 inclusif se caract\u00e9rise ainsi par des espaces de vie individuelle et par des espaces de vie partag\u00e9e, dans un environnement adapt\u00e9, s\u00e9curis\u00e9 et propice au lien social.<\/p>\n\n\n\n<p>Pour ce qui concerne les Buissonnier.e.s, nous mettons en commun, une maison, une buanderie, un atelier bricolage, un atelier arts plastiques, un potager, un jardin, un lieu ouvert sur l&rsquo;ext\u00e9rieur (f\u00eates, spectacles divers, conf\u00e9rences, cin\u00e9ma, etc), et certainement bien d&rsquo;autres choses du quotidien ou pas&#8230;<\/p>\n\n\n\n<p>L&rsquo;aspect coop\u00e9ratif est une valeur qui nous est ch\u00e8re. Il s&rsquo;agit d&rsquo;un type de soci\u00e9t\u00e9 issu de l&rsquo;E.S.S (\u00c9conomie Sociale et Solidaire). Cette structure d\u00e9mocratique permet aux soci\u00e9taires de s&rsquo;impliquer directement dans les d\u00e9cisions, renfor\u00e7ant ainsi la <strong>transparence et l&rsquo;engagement citoyen<\/strong> au sein de la coop\u00e9rative. Que vous ayez la plus grande surface et\/ou le plus d&rsquo;actions : Une personne = une voix.<\/p>\n\n\n\n<p>La relation humaine est au c\u0153ur du projet.<\/p>\n\n\n\n<p>En plus de l&rsquo;\u00e9lan et de l&rsquo;\u00e9nergie, Les Buissonniers du Plessis sont situ\u00e9s \u00e0&nbsp;: Le Plessis, un petit hameau \u00e0 proximit\u00e9 de la petite ville pittoresque de Clamecy (ville de 3 600 habitants: situ\u00e9e dans le d\u00e9partement de la Ni\u00e8vre, r\u00e9gion Bourgogne-Franche-Comt\u00e9).<\/p>\n\n\n\n<p>Le projet est d\u00e9j\u00e0 bien avanc\u00e9. La SAS coop\u00e9rative \u00e0 capital variable \u00ab\u00a0Les Buissonniers du Plessis\u00a0\u00bb est constitu\u00e9e, et se compose :<\/p>\n\n\n\n<ul class=\"wp-block-list\">\n<li>d&rsquo;un terrain de 4 500 m<sup>2<\/sup><\/li>\n<\/ul>\n\n\n\n<ul class=\"wp-block-list\">\n<li>d&rsquo;une <strong>maison collective<\/strong> d&rsquo;environ 160 m\u00b2 (r\u00e9nov\u00e9 \u00e0 98 %), comprenant une vaste pi\u00e8ce \u00e0 vivre, une grande cuisine, quatre chambres, deux wc, une salle de bain, ainsi qu&rsquo;une mezzanine.<\/li>\n<\/ul>\n\n\n\n<ul class=\"wp-block-list\">\n<li>d&rsquo;une grange, qui doit faire l&rsquo;objet d&rsquo;une r\u00e9novation pour accueillir six appartements, un lieu collectif ouvert sur l&rsquo;ext\u00e9rieur et un atelier d&rsquo;arts plastiques. Le permis de construire pour la r\u00e9novation de la grange a \u00e9t\u00e9 d\u00e9livr\u00e9 d\u00e9but janvier 2025.<\/li>\n<\/ul>\n\n\n\n<ul class=\"wp-block-list\">\n<li>un <strong>atelier<\/strong> (bricolage, machines \u00e0 jardiner&#8230;). Le permis de construire a \u00e9t\u00e9 obtenu et l&rsquo;\u00e9difice est r\u00e9alis\u00e9.<\/li>\n<\/ul>\n\n\n\n<p>Cependant, il reste beaucoup \u00e0 faire : La consultation des entreprises, la coordination du chantier, l&rsquo;administratif pour l&rsquo;obtention de l&rsquo;agr\u00e9ment ESUS, la recherche de financements (ou aides) compl\u00e9mentaires&#8230; Pour cette derni\u00e8re partie, nous souhaitons, autant que possible, nous affranchir des banques et auto financer le projet par l&rsquo;arriv\u00e9e de nouveaux coop\u00e9rateurs.<\/p>\n\n\n\n<p>Il reste encore des appartements non attribu\u00e9s. Alors, vous r\u00eavez d&rsquo;un habitat participatif, d&rsquo;une vie autrement, de verdure, d&rsquo;espace, de partage, d&rsquo;humanit\u00e9&#8230;, ce projet est pour vous. N&rsquo;h\u00e9sitez pas \u00e0 nous consulter, nous serons heureux de vous accueillir.<\/p>\n\n\n\n<figure class=\"wp-block-image size-large\"><img loading=\"lazy\" decoding=\"async\" width=\"1024\" height=\"559\" src=\"https:\/\/lesbuissonniersduplessis.casa\/wp-content\/uploads\/2024\/08\/Facade-sud-ouest-en-couleur-recadree-1024x559.jpg\" alt=\"\" class=\"wp-image-24\" srcset=\"https:\/\/lesbuissonniersduplessis.casa\/wp-content\/uploads\/2024\/08\/Facade-sud-ouest-en-couleur-recadree-1024x559.jpg 1024w, https:\/\/lesbuissonniersduplessis.casa\/wp-content\/uploads\/2024\/08\/Facade-sud-ouest-en-couleur-recadree-300x164.jpg 300w, https:\/\/lesbuissonniersduplessis.casa\/wp-content\/uploads\/2024\/08\/Facade-sud-ouest-en-couleur-recadree-768x419.jpg 768w, https:\/\/lesbuissonniersduplessis.casa\/wp-content\/uploads\/2024\/08\/Facade-sud-ouest-en-couleur-recadree.jpg 1464w\" sizes=\"auto, (max-width: 1024px) 100vw, 1024px\" \/><figcaption class=\"wp-element-caption\">Fa\u00e7ade arri\u00e8re &#8211; Architecte Nina Leroux<\/figcaption><\/figure>\n\n\n\n<figure class=\"wp-block-image size-large\"><img loading=\"lazy\" decoding=\"async\" width=\"1024\" height=\"708\" src=\"https:\/\/lesbuissonniersduplessis.casa\/wp-content\/uploads\/2026\/01\/PLAN-RDC-MAJ-e1769450436812-1024x708.png\" alt=\"\" class=\"wp-image-1436\" srcset=\"https:\/\/lesbuissonniersduplessis.casa\/wp-content\/uploads\/2026\/01\/PLAN-RDC-MAJ-e1769450436812-1024x708.png 1024w, https:\/\/lesbuissonniersduplessis.casa\/wp-content\/uploads\/2026\/01\/PLAN-RDC-MAJ-e1769450436812-300x207.png 300w, https:\/\/lesbuissonniersduplessis.casa\/wp-content\/uploads\/2026\/01\/PLAN-RDC-MAJ-e1769450436812-768x531.png 768w, https:\/\/lesbuissonniersduplessis.casa\/wp-content\/uploads\/2026\/01\/PLAN-RDC-MAJ-e1769450436812-1536x1062.png 1536w, https:\/\/lesbuissonniersduplessis.casa\/wp-content\/uploads\/2026\/01\/PLAN-RDC-MAJ-e1769450436812-2048x1416.png 2048w\" sizes=\"auto, (max-width: 1024px) 100vw, 1024px\" \/><figcaption class=\"wp-element-caption\">R\u00e9novation de la grange \u2013 Plan RDC \u2013 Architecte Nina Leroux<\/figcaption><\/figure>\n\n\n\n<figure class=\"wp-block-image size-large\"><img loading=\"lazy\" decoding=\"async\" width=\"1024\" height=\"712\" src=\"https:\/\/lesbuissonniersduplessis.casa\/wp-content\/uploads\/2026\/01\/PLAN-R1-MAJ-e1769450323211-1024x712.png\" alt=\"\" class=\"wp-image-1435\" srcset=\"https:\/\/lesbuissonniersduplessis.casa\/wp-content\/uploads\/2026\/01\/PLAN-R1-MAJ-e1769450323211-1024x712.png 1024w, https:\/\/lesbuissonniersduplessis.casa\/wp-content\/uploads\/2026\/01\/PLAN-R1-MAJ-e1769450323211-300x208.png 300w, https:\/\/lesbuissonniersduplessis.casa\/wp-content\/uploads\/2026\/01\/PLAN-R1-MAJ-e1769450323211-768x534.png 768w, https:\/\/lesbuissonniersduplessis.casa\/wp-content\/uploads\/2026\/01\/PLAN-R1-MAJ-e1769450323211-1536x1067.png 1536w, https:\/\/lesbuissonniersduplessis.casa\/wp-content\/uploads\/2026\/01\/PLAN-R1-MAJ-e1769450323211-2048x1423.png 2048w\" sizes=\"auto, (max-width: 1024px) 100vw, 1024px\" \/><figcaption class=\"wp-element-caption\">R\u00e9novation de la grange \u2013 Plan 1\u1d49\u02b3 \u00e9tage \u2013 Architecte Nina Leroux<\/figcaption><\/figure>\n\n\n\n<figure class=\"wp-block-image size-large\"><img loading=\"lazy\" decoding=\"async\" width=\"1024\" height=\"709\" src=\"https:\/\/lesbuissonniersduplessis.casa\/wp-content\/uploads\/2025\/07\/PLAN-R2-MAJcolors-1024x709.png\" alt=\"\" class=\"wp-image-1346\" srcset=\"https:\/\/lesbuissonniersduplessis.casa\/wp-content\/uploads\/2025\/07\/PLAN-R2-MAJcolors-1024x709.png 1024w, https:\/\/lesbuissonniersduplessis.casa\/wp-content\/uploads\/2025\/07\/PLAN-R2-MAJcolors-300x208.png 300w, https:\/\/lesbuissonniersduplessis.casa\/wp-content\/uploads\/2025\/07\/PLAN-R2-MAJcolors-768x532.png 768w, https:\/\/lesbuissonniersduplessis.casa\/wp-content\/uploads\/2025\/07\/PLAN-R2-MAJcolors-1536x1064.png 1536w, https:\/\/lesbuissonniersduplessis.casa\/wp-content\/uploads\/2025\/07\/PLAN-R2-MAJcolors-2048x1418.png 2048w\" sizes=\"auto, (max-width: 1024px) 100vw, 1024px\" \/><figcaption class=\"wp-element-caption\">R\u00e9novation de la grange &#8211; 2\u1d49 \u00e9tage &#8211; Architecte Nina Leroux<\/figcaption><\/figure>\n\n\n\n<figure class=\"wp-block-image size-full\"><img loading=\"lazy\" decoding=\"async\" width=\"1024\" height=\"576\" src=\"https:\/\/lesbuissonniersduplessis.casa\/wp-content\/uploads\/2025\/07\/Les-buissonniers-projet.jpg\" alt=\"\" class=\"wp-image-1338\" srcset=\"https:\/\/lesbuissonniersduplessis.casa\/wp-content\/uploads\/2025\/07\/Les-buissonniers-projet.jpg 1024w, https:\/\/lesbuissonniersduplessis.casa\/wp-content\/uploads\/2025\/07\/Les-buissonniers-projet-300x169.jpg 300w, https:\/\/lesbuissonniersduplessis.casa\/wp-content\/uploads\/2025\/07\/Les-buissonniers-projet-768x432.jpg 768w, https:\/\/lesbuissonniersduplessis.casa\/wp-content\/uploads\/2025\/07\/Les-buissonniers-projet-800x450.jpg 800w\" sizes=\"auto, (max-width: 1024px) 100vw, 1024px\" \/><figcaption class=\"wp-element-caption\">Vue du lieu<\/figcaption><\/figure>\n\n\n\n<figure class=\"wp-block-image size-large\"><img loading=\"lazy\" decoding=\"async\" width=\"1024\" height=\"576\" src=\"https:\/\/lesbuissonniersduplessis.casa\/wp-content\/uploads\/2024\/09\/20240415_183629-1024x576.jpg\" alt=\"\" class=\"wp-image-1071\" srcset=\"https:\/\/lesbuissonniersduplessis.casa\/wp-content\/uploads\/2024\/09\/20240415_183629-1024x576.jpg 1024w, https:\/\/lesbuissonniersduplessis.casa\/wp-content\/uploads\/2024\/09\/20240415_183629-300x169.jpg 300w, https:\/\/lesbuissonniersduplessis.casa\/wp-content\/uploads\/2024\/09\/20240415_183629-768x432.jpg 768w, https:\/\/lesbuissonniersduplessis.casa\/wp-content\/uploads\/2024\/09\/20240415_183629-1536x864.jpg 1536w, https:\/\/lesbuissonniersduplessis.casa\/wp-content\/uploads\/2024\/09\/20240415_183629-2048x1152.jpg 2048w, https:\/\/lesbuissonniersduplessis.casa\/wp-content\/uploads\/2024\/09\/20240415_183629-800x450.jpg 800w\" sizes=\"auto, (max-width: 1024px) 100vw, 1024px\" \/><figcaption class=\"wp-element-caption\">La maison commune<\/figcaption><\/figure>\n\n\n\n<figure class=\"wp-block-image size-large\"><img loading=\"lazy\" decoding=\"async\" width=\"1024\" height=\"683\" src=\"https:\/\/lesbuissonniersduplessis.casa\/wp-content\/uploads\/2024\/09\/IMAG0107-1024x683.jpg\" alt=\"\" class=\"wp-image-1073\" srcset=\"https:\/\/lesbuissonniersduplessis.casa\/wp-content\/uploads\/2024\/09\/IMAG0107-1024x683.jpg 1024w, https:\/\/lesbuissonniersduplessis.casa\/wp-content\/uploads\/2024\/09\/IMAG0107-300x200.jpg 300w, https:\/\/lesbuissonniersduplessis.casa\/wp-content\/uploads\/2024\/09\/IMAG0107-768x512.jpg 768w, https:\/\/lesbuissonniersduplessis.casa\/wp-content\/uploads\/2024\/09\/IMAG0107-1536x1024.jpg 1536w, https:\/\/lesbuissonniersduplessis.casa\/wp-content\/uploads\/2024\/09\/IMAG0107-2048x1365.jpg 2048w\" sizes=\"auto, (max-width: 1024px) 100vw, 1024px\" \/><figcaption class=\"wp-element-caption\">Vue du lieu<\/figcaption><\/figure>\n\n\n\n<figure class=\"wp-block-image size-large\"><img loading=\"lazy\" decoding=\"async\" width=\"1024\" height=\"683\" src=\"https:\/\/lesbuissonniersduplessis.casa\/wp-content\/uploads\/2024\/09\/IMAG0075-1024x683.jpg\" alt=\"\" class=\"wp-image-1079\" srcset=\"https:\/\/lesbuissonniersduplessis.casa\/wp-content\/uploads\/2024\/09\/IMAG0075-1024x683.jpg 1024w, https:\/\/lesbuissonniersduplessis.casa\/wp-content\/uploads\/2024\/09\/IMAG0075-300x200.jpg 300w, https:\/\/lesbuissonniersduplessis.casa\/wp-content\/uploads\/2024\/09\/IMAG0075-768x512.jpg 768w, https:\/\/lesbuissonniersduplessis.casa\/wp-content\/uploads\/2024\/09\/IMAG0075-1536x1024.jpg 1536w, https:\/\/lesbuissonniersduplessis.casa\/wp-content\/uploads\/2024\/09\/IMAG0075-2048x1365.jpg 2048w\" sizes=\"auto, (max-width: 1024px) 100vw, 1024px\" \/><figcaption class=\"wp-element-caption\">La grange \u00e0 r\u00e9nover.<\/figcaption><\/figure>\n","protected":false},"excerpt":{"rendered":"<p>Les Buissonnier.e.s du PlessisProjet d\u2019habitat coop\u00e9ratif partag\u00e9 et inclusif Le lieu o\u00f9 il fait bon vivre : Un projet d&rsquo;utilit\u00e9 sociale et de bienveillance collective. Tout d&rsquo;abord, qu&rsquo;est-ce qu&rsquo;un habitat partag\u00e9 coop\u00e9ratif ? Un habitat partag\u00e9 inclusif, par d\u00e9finition, est un lieu de vie dans lequel les habitants peuvent partager une partie de leur quotidien [&hellip;]<\/p>\n","protected":false},"author":2,"featured_media":0,"parent":0,"menu_order":0,"comment_status":"closed","ping_status":"closed","template":"","meta":{"ocean_post_layout":"","ocean_both_sidebars_style":"","ocean_both_sidebars_content_width":0,"ocean_both_sidebars_sidebars_width":0,"ocean_sidebar":"","ocean_second_sidebar":"","ocean_disable_margins":"enable","ocean_add_body_class":"","ocean_shortcode_before_top_bar":"","ocean_shortcode_after_top_bar":"","ocean_shortcode_before_header":"","ocean_shortcode_after_header":"","ocean_has_shortcode":"","ocean_shortcode_after_title":"","ocean_shortcode_before_footer_widgets":"","ocean_shortcode_after_footer_widgets":"","ocean_shortcode_before_footer_bottom":"","ocean_shortcode_after_footer_bottom":"","ocean_display_top_bar":"default","ocean_display_header":"default","ocean_header_style":"","ocean_center_header_left_menu":"","ocean_custom_header_template":"","ocean_custom_logo":0,"ocean_custom_retina_logo":0,"ocean_custom_logo_max_width":0,"ocean_custom_logo_tablet_max_width":0,"ocean_custom_logo_mobile_max_width":0,"ocean_custom_logo_max_height":0,"ocean_custom_logo_tablet_max_height":0,"ocean_custom_logo_mobile_max_height":0,"ocean_header_custom_menu":"","ocean_menu_typo_font_family":"","ocean_menu_typo_font_subset":"","ocean_menu_typo_font_size":0,"ocean_menu_typo_font_size_tablet":0,"ocean_menu_typo_font_size_mobile":0,"ocean_menu_typo_font_size_unit":"px","ocean_menu_typo_font_weight":"","ocean_menu_typo_font_weight_tablet":"","ocean_menu_typo_font_weight_mobile":"","ocean_menu_typo_transform":"","ocean_menu_typo_transform_tablet":"","ocean_menu_typo_transform_mobile":"","ocean_menu_typo_line_height":0,"ocean_menu_typo_line_height_tablet":0,"ocean_menu_typo_line_height_mobile":0,"ocean_menu_typo_line_height_unit":"","ocean_menu_typo_spacing":0,"ocean_menu_typo_spacing_tablet":0,"ocean_menu_typo_spacing_mobile":0,"ocean_menu_typo_spacing_unit":"","ocean_menu_link_color":"","ocean_menu_link_color_hover":"","ocean_menu_link_color_active":"","ocean_menu_link_background":"","ocean_menu_link_hover_background":"","ocean_menu_link_active_background":"","ocean_menu_social_links_bg":"","ocean_menu_social_hover_links_bg":"","ocean_menu_social_links_color":"","ocean_menu_social_hover_links_color":"","ocean_disable_title":"default","ocean_disable_heading":"default","ocean_post_title":"","ocean_post_subheading":"","ocean_post_title_style":"","ocean_post_title_background_color":"","ocean_post_title_background":0,"ocean_post_title_bg_image_position":"","ocean_post_title_bg_image_attachment":"","ocean_post_title_bg_image_repeat":"","ocean_post_title_bg_image_size":"","ocean_post_title_height":0,"ocean_post_title_bg_overlay":0.5,"ocean_post_title_bg_overlay_color":"","ocean_disable_breadcrumbs":"default","ocean_breadcrumbs_color":"","ocean_breadcrumbs_separator_color":"","ocean_breadcrumbs_links_color":"","ocean_breadcrumbs_links_hover_color":"","ocean_display_footer_widgets":"default","ocean_display_footer_bottom":"default","ocean_custom_footer_template":"","footnotes":""},"class_list":["post-9","page","type-page","status-publish","hentry","entry"],"yoast_head":"<!-- This site is optimized with the Yoast SEO plugin v27.4 - https:\/\/yoast.com\/product\/yoast-seo-wordpress\/ -->\n<title>Le projet - Les Buissonniers du Plessis<\/title>\n<meta name=\"robots\" content=\"index, follow, max-snippet:-1, max-image-preview:large, max-video-preview:-1\" \/>\n<link rel=\"canonical\" href=\"https:\/\/lesbuissonniersduplessis.casa\/\" \/>\n<meta property=\"og:locale\" content=\"fr_FR\" \/>\n<meta property=\"og:type\" content=\"article\" \/>\n<meta property=\"og:title\" content=\"Le projet - Les Buissonniers du Plessis\" \/>\n<meta property=\"og:description\" content=\"Les Buissonnier.e.s du PlessisProjet d\u2019habitat coop\u00e9ratif partag\u00e9 et inclusif Le lieu o\u00f9 il fait bon vivre : Un projet d&rsquo;utilit\u00e9 sociale et de bienveillance collective. Tout d&rsquo;abord, qu&rsquo;est-ce qu&rsquo;un habitat partag\u00e9 coop\u00e9ratif ? Un habitat partag\u00e9 inclusif, par d\u00e9finition, est un lieu de vie dans lequel les habitants peuvent partager une partie de leur quotidien [&hellip;]\" \/>\n<meta property=\"og:url\" content=\"https:\/\/lesbuissonniersduplessis.casa\/\" \/>\n<meta property=\"og:site_name\" content=\"Les Buissonniers du Plessis\" \/>\n<meta property=\"article:modified_time\" content=\"2026-01-26T18:08:09+00:00\" \/>\n<meta property=\"og:image\" content=\"https:\/\/lesbuissonniersduplessis.casa\/wp-content\/uploads\/2024\/08\/Facade-sud-ouest-en-couleur-recadree.jpg\" \/>\n\t<meta property=\"og:image:width\" content=\"1464\" \/>\n\t<meta property=\"og:image:height\" content=\"799\" \/>\n\t<meta property=\"og:image:type\" content=\"image\/jpeg\" \/>\n<meta name=\"twitter:card\" content=\"summary_large_image\" \/>\n<meta name=\"twitter:label1\" content=\"Dur\u00e9e de lecture estim\u00e9e\" \/>\n\t<meta name=\"twitter:data1\" content=\"5 minutes\" \/>\n<script type=\"application\/ld+json\" class=\"yoast-schema-graph\">{\"@context\":\"https:\\\/\\\/schema.org\",\"@graph\":[{\"@type\":\"WebPage\",\"@id\":\"https:\\\/\\\/lesbuissonniersduplessis.casa\\\/\",\"url\":\"https:\\\/\\\/lesbuissonniersduplessis.casa\\\/\",\"name\":\"Le projet - Les Buissonniers du Plessis\",\"isPartOf\":{\"@id\":\"https:\\\/\\\/lesbuissonniersduplessis.casa\\\/#website\"},\"primaryImageOfPage\":{\"@id\":\"https:\\\/\\\/lesbuissonniersduplessis.casa\\\/#primaryimage\"},\"image\":{\"@id\":\"https:\\\/\\\/lesbuissonniersduplessis.casa\\\/#primaryimage\"},\"thumbnailUrl\":\"https:\\\/\\\/lesbuissonniersduplessis.casa\\\/wp-content\\\/uploads\\\/2024\\\/08\\\/Facade-sud-ouest-en-couleur-recadree-1024x559.jpg\",\"datePublished\":\"2024-08-22T09:38:59+00:00\",\"dateModified\":\"2026-01-26T18:08:09+00:00\",\"breadcrumb\":{\"@id\":\"https:\\\/\\\/lesbuissonniersduplessis.casa\\\/#breadcrumb\"},\"inLanguage\":\"fr-FR\",\"potentialAction\":[{\"@type\":\"ReadAction\",\"target\":[\"https:\\\/\\\/lesbuissonniersduplessis.casa\\\/\"]}]},{\"@type\":\"ImageObject\",\"inLanguage\":\"fr-FR\",\"@id\":\"https:\\\/\\\/lesbuissonniersduplessis.casa\\\/#primaryimage\",\"url\":\"https:\\\/\\\/lesbuissonniersduplessis.casa\\\/wp-content\\\/uploads\\\/2024\\\/08\\\/Facade-sud-ouest-en-couleur-recadree.jpg\",\"contentUrl\":\"https:\\\/\\\/lesbuissonniersduplessis.casa\\\/wp-content\\\/uploads\\\/2024\\\/08\\\/Facade-sud-ouest-en-couleur-recadree.jpg\",\"width\":1464,\"height\":799,\"caption\":\"Fa\u00e7ade arri\u00e8re\"},{\"@type\":\"BreadcrumbList\",\"@id\":\"https:\\\/\\\/lesbuissonniersduplessis.casa\\\/#breadcrumb\",\"itemListElement\":[{\"@type\":\"ListItem\",\"position\":1,\"name\":\"Accueil\",\"item\":\"https:\\\/\\\/lesbuissonniersduplessis.casa\\\/\"},{\"@type\":\"ListItem\",\"position\":2,\"name\":\"Le projet\"}]},{\"@type\":\"WebSite\",\"@id\":\"https:\\\/\\\/lesbuissonniersduplessis.casa\\\/#website\",\"url\":\"https:\\\/\\\/lesbuissonniersduplessis.casa\\\/\",\"name\":\"Les Buissonniers du Plessis\",\"description\":\"Coop\u00e9rative d&#039;habitants - Habitat partag\u00e9 et participatif\",\"publisher\":{\"@id\":\"https:\\\/\\\/lesbuissonniersduplessis.casa\\\/#organization\"},\"potentialAction\":[{\"@type\":\"SearchAction\",\"target\":{\"@type\":\"EntryPoint\",\"urlTemplate\":\"https:\\\/\\\/lesbuissonniersduplessis.casa\\\/?s={search_term_string}\"},\"query-input\":{\"@type\":\"PropertyValueSpecification\",\"valueRequired\":true,\"valueName\":\"search_term_string\"}}],\"inLanguage\":\"fr-FR\"},{\"@type\":\"Organization\",\"@id\":\"https:\\\/\\\/lesbuissonniersduplessis.casa\\\/#organization\",\"name\":\"Les Buissonniers du Plessis\",\"url\":\"https:\\\/\\\/lesbuissonniersduplessis.casa\\\/\",\"logo\":{\"@type\":\"ImageObject\",\"inLanguage\":\"fr-FR\",\"@id\":\"https:\\\/\\\/lesbuissonniersduplessis.casa\\\/#\\\/schema\\\/logo\\\/image\\\/\",\"url\":\"https:\\\/\\\/lesbuissonniersduplessis.casa\\\/wp-content\\\/uploads\\\/2026\\\/04\\\/cropped-header_herisson_2.png\",\"contentUrl\":\"https:\\\/\\\/lesbuissonniersduplessis.casa\\\/wp-content\\\/uploads\\\/2026\\\/04\\\/cropped-header_herisson_2.png\",\"width\":1500,\"height\":374,\"caption\":\"Les Buissonniers du Plessis\"},\"image\":{\"@id\":\"https:\\\/\\\/lesbuissonniersduplessis.casa\\\/#\\\/schema\\\/logo\\\/image\\\/\"}}]}<\/script>\n<!-- \/ Yoast SEO plugin. -->","yoast_head_json":{"title":"Le projet - Les Buissonniers du Plessis","robots":{"index":"index","follow":"follow","max-snippet":"max-snippet:-1","max-image-preview":"max-image-preview:large","max-video-preview":"max-video-preview:-1"},"canonical":"https:\/\/lesbuissonniersduplessis.casa\/","og_locale":"fr_FR","og_type":"article","og_title":"Le projet - Les Buissonniers du Plessis","og_description":"Les Buissonnier.e.s du PlessisProjet d\u2019habitat coop\u00e9ratif partag\u00e9 et inclusif Le lieu o\u00f9 il fait bon vivre : Un projet d&rsquo;utilit\u00e9 sociale et de bienveillance collective. Tout d&rsquo;abord, qu&rsquo;est-ce qu&rsquo;un habitat partag\u00e9 coop\u00e9ratif ? Un habitat partag\u00e9 inclusif, par d\u00e9finition, est un lieu de vie dans lequel les habitants peuvent partager une partie de leur quotidien [&hellip;]","og_url":"https:\/\/lesbuissonniersduplessis.casa\/","og_site_name":"Les Buissonniers du Plessis","article_modified_time":"2026-01-26T18:08:09+00:00","og_image":[{"width":1464,"height":799,"url":"https:\/\/lesbuissonniersduplessis.casa\/wp-content\/uploads\/2024\/08\/Facade-sud-ouest-en-couleur-recadree.jpg","type":"image\/jpeg"}],"twitter_card":"summary_large_image","twitter_misc":{"Dur\u00e9e de lecture estim\u00e9e":"5 minutes"},"schema":{"@context":"https:\/\/schema.org","@graph":[{"@type":"WebPage","@id":"https:\/\/lesbuissonniersduplessis.casa\/","url":"https:\/\/lesbuissonniersduplessis.casa\/","name":"Le projet - Les Buissonniers du Plessis","isPartOf":{"@id":"https:\/\/lesbuissonniersduplessis.casa\/#website"},"primaryImageOfPage":{"@id":"https:\/\/lesbuissonniersduplessis.casa\/#primaryimage"},"image":{"@id":"https:\/\/lesbuissonniersduplessis.casa\/#primaryimage"},"thumbnailUrl":"https:\/\/lesbuissonniersduplessis.casa\/wp-content\/uploads\/2024\/08\/Facade-sud-ouest-en-couleur-recadree-1024x559.jpg","datePublished":"2024-08-22T09:38:59+00:00","dateModified":"2026-01-26T18:08:09+00:00","breadcrumb":{"@id":"https:\/\/lesbuissonniersduplessis.casa\/#breadcrumb"},"inLanguage":"fr-FR","potentialAction":[{"@type":"ReadAction","target":["https:\/\/lesbuissonniersduplessis.casa\/"]}]},{"@type":"ImageObject","inLanguage":"fr-FR","@id":"https:\/\/lesbuissonniersduplessis.casa\/#primaryimage","url":"https:\/\/lesbuissonniersduplessis.casa\/wp-content\/uploads\/2024\/08\/Facade-sud-ouest-en-couleur-recadree.jpg","contentUrl":"https:\/\/lesbuissonniersduplessis.casa\/wp-content\/uploads\/2024\/08\/Facade-sud-ouest-en-couleur-recadree.jpg","width":1464,"height":799,"caption":"Fa\u00e7ade arri\u00e8re"},{"@type":"BreadcrumbList","@id":"https:\/\/lesbuissonniersduplessis.casa\/#breadcrumb","itemListElement":[{"@type":"ListItem","position":1,"name":"Accueil","item":"https:\/\/lesbuissonniersduplessis.casa\/"},{"@type":"ListItem","position":2,"name":"Le projet"}]},{"@type":"WebSite","@id":"https:\/\/lesbuissonniersduplessis.casa\/#website","url":"https:\/\/lesbuissonniersduplessis.casa\/","name":"Les Buissonniers du Plessis","description":"Coop\u00e9rative d&#039;habitants - Habitat partag\u00e9 et participatif","publisher":{"@id":"https:\/\/lesbuissonniersduplessis.casa\/#organization"},"potentialAction":[{"@type":"SearchAction","target":{"@type":"EntryPoint","urlTemplate":"https:\/\/lesbuissonniersduplessis.casa\/?s={search_term_string}"},"query-input":{"@type":"PropertyValueSpecification","valueRequired":true,"valueName":"search_term_string"}}],"inLanguage":"fr-FR"},{"@type":"Organization","@id":"https:\/\/lesbuissonniersduplessis.casa\/#organization","name":"Les Buissonniers du Plessis","url":"https:\/\/lesbuissonniersduplessis.casa\/","logo":{"@type":"ImageObject","inLanguage":"fr-FR","@id":"https:\/\/lesbuissonniersduplessis.casa\/#\/schema\/logo\/image\/","url":"https:\/\/lesbuissonniersduplessis.casa\/wp-content\/uploads\/2026\/04\/cropped-header_herisson_2.png","contentUrl":"https:\/\/lesbuissonniersduplessis.casa\/wp-content\/uploads\/2026\/04\/cropped-header_herisson_2.png","width":1500,"height":374,"caption":"Les Buissonniers du Plessis"},"image":{"@id":"https:\/\/lesbuissonniersduplessis.casa\/#\/schema\/logo\/image\/"}}]}},"_links":{"self":[{"href":"https:\/\/lesbuissonniersduplessis.casa\/index.php\/wp-json\/wp\/v2\/pages\/9","targetHints":{"allow":["GET"]}}],"collection":[{"href":"https:\/\/lesbuissonniersduplessis.casa\/index.php\/wp-json\/wp\/v2\/pages"}],"about":[{"href":"https:\/\/lesbuissonniersduplessis.casa\/index.php\/wp-json\/wp\/v2\/types\/page"}],"author":[{"embeddable":true,"href":"https:\/\/lesbuissonniersduplessis.casa\/index.php\/wp-json\/wp\/v2\/users\/2"}],"replies":[{"embeddable":true,"href":"https:\/\/lesbuissonniersduplessis.casa\/index.php\/wp-json\/wp\/v2\/comments?post=9"}],"version-history":[{"count":77,"href":"https:\/\/lesbuissonniersduplessis.casa\/index.php\/wp-json\/wp\/v2\/pages\/9\/revisions"}],"predecessor-version":[{"id":1440,"href":"https:\/\/lesbuissonniersduplessis.casa\/index.php\/wp-json\/wp\/v2\/pages\/9\/revisions\/1440"}],"wp:attachment":[{"href":"https:\/\/lesbuissonniersduplessis.casa\/index.php\/wp-json\/wp\/v2\/media?parent=9"}],"curies":[{"name":"wp","href":"https:\/\/api.w.org\/{rel}","templated":true}]}}