{"id":932,"date":"2024-09-21T17:06:39","date_gmt":"2024-09-21T15:06:39","guid":{"rendered":"https:\/\/lesbuissonniersduplessis.casa\/?page_id=932"},"modified":"2025-11-10T15:41:39","modified_gmt":"2025-11-10T14:41:39","slug":"wer-sind-wir","status":"publish","type":"page","link":"https:\/\/lesbuissonniersduplessis.casa\/index.php\/de\/wer-sind-wir\/","title":{"rendered":"Wer und wo sind wir\u00a0?"},"content":{"rendered":"\n<h1 class=\"wp-block-heading\"><strong>Wer sind wir&nbsp;?<\/strong><\/h1>\n\n\n\n<p>Manche werden uns als Exzentriker:innen, Spinner:innen, Tr\u00e4umer:innen oder Utopist:innen bezeichnen &#8230; Vielleicht, aber wir beanspruchen vor allem, einfache aktive Mitmenschen zu sein, die danach streben, anders zu leben, im Einklang mit der Natur und mit Respekt f\u00fcr alle. Wir m\u00f6chten zum Zugang zu einem w\u00fcrdigen, humanen Lebensraum beitragen und soziale Ungleichheiten abbauen. Wir tr\u00e4umen von einer anderen Welt, in der die Menschen, die Lebewesen und der Planet respektiert werden.<\/p>\n\n\n\n<p><strong>Die Initiator:innen des Kollektivs \u201eBuissonnier.e.s\u201c<\/strong> (das noch weiter ausgebaut werden soll) <strong>sind:<\/strong><\/p>\n\n\n\n<p>Cornelia (62): Mitbegr\u00fcnderin des Projekts, Vereinsaktivistin, arbeitet f\u00fcr eine Schweizer NGO, die sich f\u00fcr Gefl\u00fcchtete einsetzt. Cornelia wohnt bereits seit 15 Jahren in einer Genossenschaft.<\/p>\n\n\n\n<p>Denise (66): Mitbegr\u00fcnderin des Projekts, pensioniert, arbeitet aber teilweise noch mit ihrem Hund als Sonderschullehrerin mit Kindern in schwierigen Situationen. Denise ist auch Malerin.<\/p>\n\n\n\n<p>Bruno \/ P\u00e9p\u00e9 (68 Jahre): Mitbegr\u00fcnder des Projekts, Musiker, Vereinsaktivist, im Ruhestand, hat im Kultursektor gearbeitet und 18 Jahre lang in einem kollektiven Wohnviertel in der \u00cele-de-France gewohnt. Arbeitet noch ehrenamtlich an der Entwicklung einer freien Software f\u00fcr die Verwaltung von sozialen, kulturellen und sportlichen Einrichtungen: <a href=\"https:\/\/www.algem.net\/\">ALGEM<\/a>.<\/p>\n\n\n\n<p>\u2026<strong>.Seid ihr auch dabei? &#8230;<\/strong><\/p>\n\n\n<div class=\"wp-block-image\">\n<figure class=\"aligncenter size-full\"><img loading=\"lazy\" decoding=\"async\" width=\"1533\" height=\"1002\" src=\"https:\/\/lesbuissonniersduplessis.casa\/wp-content\/uploads\/2025\/01\/Les-buissonnier-e-s.jpeg\" alt=\"\" class=\"wp-image-1280\" srcset=\"https:\/\/lesbuissonniersduplessis.casa\/wp-content\/uploads\/2025\/01\/Les-buissonnier-e-s.jpeg 1533w, https:\/\/lesbuissonniersduplessis.casa\/wp-content\/uploads\/2025\/01\/Les-buissonnier-e-s-300x196.jpeg 300w, https:\/\/lesbuissonniersduplessis.casa\/wp-content\/uploads\/2025\/01\/Les-buissonnier-e-s-1024x669.jpeg 1024w, https:\/\/lesbuissonniersduplessis.casa\/wp-content\/uploads\/2025\/01\/Les-buissonnier-e-s-768x502.jpeg 768w\" sizes=\"auto, (max-width: 1533px) 100vw, 1533px\" \/><figcaption class=\"wp-element-caption\">Die Projektinitiator:innen<\/figcaption><\/figure>\n<\/div>\n\n\n<h1 class=\"wp-block-heading\"><strong>Wo sind wir&nbsp;?<\/strong><\/h1>\n\n\n\n<p>Le Plessis ist ein Ort im Tal des Beuvron, der in der Gemeinde Ouagne im D\u00e9partement Ni\u00e8vre liegt. Wir sind 4,5 km von der Unterpr\u00e4fektur Clamecy entfernt. Clamecy ist eine Kleinstadt mit 5.000 Einwohnern und bietet alles, was man braucht: kleine Gesch\u00e4fte, Superm\u00e4rkte, Post, ein Krankenhaus mit Notaufnahme und Fach\u00e4rzten, drei Allgemeinmediziner, Schulen, eine Realschule, ein Gymnasium und sogar ein Kino, einen SNCF-Bahnhof und einen Flugplatz. Das Ganze mit Paris im Norden in 200 km Entfernung, Bourges im Westen in 120 km Entfernung, Lyon im S\u00fcden in 250 km Entfernung und Dijon im Osten in 150 km Entfernung.<\/p>\n\n\n<div id=\"wp_osm_\" class=\"wp_osm\" style=\"width: 100%; height: 500px\" data-lon=\"6014020\" data-lat=\"391830\" data-zoom=\"12\">\r\n\r\n\t<div class=\"ol-popup\">\r\n\r\n\t    <a href=\"#\" class=\"ol-popup-closer\"><\/a>\r\n\r\n\t    <div class=\"popup-content\"><\/div>\r\n\r\n\t<\/div>\r\n\r\n\t<div class=\"marker\" data-icon=\"https:\/\/lesbuissonniersduplessis.casa\/wp-content\/plugins\/wp-open-street-map\/images\/markers\/marker.png\" data-lon=\"389301\" data-lat=\"6010380\" data-name=\"\" data-description=\"\"><\/div>\r\n<\/div>\n","protected":false},"excerpt":{"rendered":"<p>Wer sind wir&nbsp;? Manche werden uns als Exzentriker:innen, Spinner:innen, Tr\u00e4umer:innen oder Utopist:innen bezeichnen &#8230; Vielleicht, aber wir beanspruchen vor allem, einfache aktive Mitmenschen zu sein, die danach streben, anders zu leben, im Einklang mit der Natur und mit Respekt f\u00fcr alle. Wir m\u00f6chten zum Zugang zu einem w\u00fcrdigen, humanen Lebensraum beitragen und soziale Ungleichheiten abbauen. [&hellip;]<\/p>\n","protected":false},"author":2,"featured_media":0,"parent":0,"menu_order":0,"comment_status":"closed","ping_status":"closed","template":"","meta":{"ocean_post_layout":"","ocean_both_sidebars_style":"","ocean_both_sidebars_content_width":0,"ocean_both_sidebars_sidebars_width":0,"ocean_sidebar":"","ocean_second_sidebar":"","ocean_disable_margins":"enable","ocean_add_body_class":"","ocean_shortcode_before_top_bar":"","ocean_shortcode_after_top_bar":"","ocean_shortcode_before_header":"","ocean_shortcode_after_header":"","ocean_has_shortcode":"","ocean_shortcode_after_title":"","ocean_shortcode_before_footer_widgets":"","ocean_shortcode_after_footer_widgets":"","ocean_shortcode_before_footer_bottom":"","ocean_shortcode_after_footer_bottom":"","ocean_display_top_bar":"default","ocean_display_header":"default","ocean_header_style":"","ocean_center_header_left_menu":"","ocean_custom_header_template":"","ocean_custom_logo":0,"ocean_custom_retina_logo":0,"ocean_custom_logo_max_width":0,"ocean_custom_logo_tablet_max_width":0,"ocean_custom_logo_mobile_max_width":0,"ocean_custom_logo_max_height":0,"ocean_custom_logo_tablet_max_height":0,"ocean_custom_logo_mobile_max_height":0,"ocean_header_custom_menu":"","ocean_menu_typo_font_family":"","ocean_menu_typo_font_subset":"","ocean_menu_typo_font_size":0,"ocean_menu_typo_font_size_tablet":0,"ocean_menu_typo_font_size_mobile":0,"ocean_menu_typo_font_size_unit":"px","ocean_menu_typo_font_weight":"","ocean_menu_typo_font_weight_tablet":"","ocean_menu_typo_font_weight_mobile":"","ocean_menu_typo_transform":"","ocean_menu_typo_transform_tablet":"","ocean_menu_typo_transform_mobile":"","ocean_menu_typo_line_height":0,"ocean_menu_typo_line_height_tablet":0,"ocean_menu_typo_line_height_mobile":0,"ocean_menu_typo_line_height_unit":"","ocean_menu_typo_spacing":0,"ocean_menu_typo_spacing_tablet":0,"ocean_menu_typo_spacing_mobile":0,"ocean_menu_typo_spacing_unit":"","ocean_menu_link_color":"","ocean_menu_link_color_hover":"","ocean_menu_link_color_active":"","ocean_menu_link_background":"","ocean_menu_link_hover_background":"","ocean_menu_link_active_background":"","ocean_menu_social_links_bg":"","ocean_menu_social_hover_links_bg":"","ocean_menu_social_links_color":"","ocean_menu_social_hover_links_color":"","ocean_disable_title":"default","ocean_disable_heading":"default","ocean_post_title":"","ocean_post_subheading":"","ocean_post_title_style":"","ocean_post_title_background_color":"","ocean_post_title_background":0,"ocean_post_title_bg_image_position":"","ocean_post_title_bg_image_attachment":"","ocean_post_title_bg_image_repeat":"","ocean_post_title_bg_image_size":"","ocean_post_title_height":0,"ocean_post_title_bg_overlay":0.5,"ocean_post_title_bg_overlay_color":"","ocean_disable_breadcrumbs":"default","ocean_breadcrumbs_color":"","ocean_breadcrumbs_separator_color":"","ocean_breadcrumbs_links_color":"","ocean_breadcrumbs_links_hover_color":"","ocean_display_footer_widgets":"default","ocean_display_footer_bottom":"default","ocean_custom_footer_template":"","footnotes":""},"class_list":["post-932","page","type-page","status-publish","hentry","entry"],"yoast_head":"<!-- This site is optimized with the Yoast SEO plugin v27.4 - https:\/\/yoast.com\/product\/yoast-seo-wordpress\/ -->\n<title>Wer und wo sind wir\u00a0? - Les Buissonniers du Plessis<\/title>\n<meta name=\"robots\" content=\"index, follow, max-snippet:-1, max-image-preview:large, max-video-preview:-1\" \/>\n<link rel=\"canonical\" href=\"https:\/\/lesbuissonniersduplessis.casa\/index.php\/de\/wer-sind-wir\/\" \/>\n<meta property=\"og:locale\" content=\"fr_FR\" \/>\n<meta property=\"og:type\" content=\"article\" \/>\n<meta property=\"og:title\" content=\"Wer und wo sind wir\u00a0? - Les Buissonniers du Plessis\" \/>\n<meta property=\"og:description\" content=\"Wer sind wir&nbsp;? Manche werden uns als Exzentriker:innen, Spinner:innen, Tr\u00e4umer:innen oder Utopist:innen bezeichnen &#8230; Vielleicht, aber wir beanspruchen vor allem, einfache aktive Mitmenschen zu sein, die danach streben, anders zu leben, im Einklang mit der Natur und mit Respekt f\u00fcr alle. Wir m\u00f6chten zum Zugang zu einem w\u00fcrdigen, humanen Lebensraum beitragen und soziale Ungleichheiten abbauen. [&hellip;]\" \/>\n<meta property=\"og:url\" content=\"https:\/\/lesbuissonniersduplessis.casa\/index.php\/de\/wer-sind-wir\/\" \/>\n<meta property=\"og:site_name\" content=\"Les Buissonniers du Plessis\" \/>\n<meta property=\"article:modified_time\" content=\"2025-11-10T14:41:39+00:00\" \/>\n<meta property=\"og:image\" content=\"https:\/\/lesbuissonniersduplessis.casa\/wp-content\/uploads\/2025\/01\/Les-buissonnier-e-s.jpeg\" \/>\n\t<meta property=\"og:image:width\" content=\"1533\" \/>\n\t<meta property=\"og:image:height\" content=\"1002\" \/>\n\t<meta property=\"og:image:type\" content=\"image\/jpeg\" \/>\n<meta name=\"twitter:card\" content=\"summary_large_image\" \/>\n<meta name=\"twitter:label1\" content=\"Dur\u00e9e de lecture estim\u00e9e\" \/>\n\t<meta name=\"twitter:data1\" content=\"2 minutes\" \/>\n<script type=\"application\/ld+json\" class=\"yoast-schema-graph\">{\"@context\":\"https:\\\/\\\/schema.org\",\"@graph\":[{\"@type\":\"WebPage\",\"@id\":\"https:\\\/\\\/lesbuissonniersduplessis.casa\\\/index.php\\\/de\\\/wer-sind-wir\\\/\",\"url\":\"https:\\\/\\\/lesbuissonniersduplessis.casa\\\/index.php\\\/de\\\/wer-sind-wir\\\/\",\"name\":\"Wer und wo sind wir\u00a0? - Les Buissonniers du Plessis\",\"isPartOf\":{\"@id\":\"https:\\\/\\\/lesbuissonniersduplessis.casa\\\/#website\"},\"primaryImageOfPage\":{\"@id\":\"https:\\\/\\\/lesbuissonniersduplessis.casa\\\/index.php\\\/de\\\/wer-sind-wir\\\/#primaryimage\"},\"image\":{\"@id\":\"https:\\\/\\\/lesbuissonniersduplessis.casa\\\/index.php\\\/de\\\/wer-sind-wir\\\/#primaryimage\"},\"thumbnailUrl\":\"https:\\\/\\\/lesbuissonniersduplessis.casa\\\/wp-content\\\/uploads\\\/2025\\\/01\\\/Les-buissonnier-e-s.jpeg\",\"datePublished\":\"2024-09-21T15:06:39+00:00\",\"dateModified\":\"2025-11-10T14:41:39+00:00\",\"breadcrumb\":{\"@id\":\"https:\\\/\\\/lesbuissonniersduplessis.casa\\\/index.php\\\/de\\\/wer-sind-wir\\\/#breadcrumb\"},\"inLanguage\":\"fr-FR\",\"potentialAction\":[{\"@type\":\"ReadAction\",\"target\":[\"https:\\\/\\\/lesbuissonniersduplessis.casa\\\/index.php\\\/de\\\/wer-sind-wir\\\/\"]}]},{\"@type\":\"ImageObject\",\"inLanguage\":\"fr-FR\",\"@id\":\"https:\\\/\\\/lesbuissonniersduplessis.casa\\\/index.php\\\/de\\\/wer-sind-wir\\\/#primaryimage\",\"url\":\"https:\\\/\\\/lesbuissonniersduplessis.casa\\\/wp-content\\\/uploads\\\/2025\\\/01\\\/Les-buissonnier-e-s.jpeg\",\"contentUrl\":\"https:\\\/\\\/lesbuissonniersduplessis.casa\\\/wp-content\\\/uploads\\\/2025\\\/01\\\/Les-buissonnier-e-s.jpeg\",\"width\":1533,\"height\":1002},{\"@type\":\"BreadcrumbList\",\"@id\":\"https:\\\/\\\/lesbuissonniersduplessis.casa\\\/index.php\\\/de\\\/wer-sind-wir\\\/#breadcrumb\",\"itemListElement\":[{\"@type\":\"ListItem\",\"position\":1,\"name\":\"Accueil\",\"item\":\"https:\\\/\\\/lesbuissonniersduplessis.casa\\\/\"},{\"@type\":\"ListItem\",\"position\":2,\"name\":\"Wer und wo sind wir\u00a0?\"}]},{\"@type\":\"WebSite\",\"@id\":\"https:\\\/\\\/lesbuissonniersduplessis.casa\\\/#website\",\"url\":\"https:\\\/\\\/lesbuissonniersduplessis.casa\\\/\",\"name\":\"Les Buissonniers du Plessis\",\"description\":\"Coop\u00e9rative d&#039;habitants - Habitat partag\u00e9 et participatif\",\"publisher\":{\"@id\":\"https:\\\/\\\/lesbuissonniersduplessis.casa\\\/#organization\"},\"potentialAction\":[{\"@type\":\"SearchAction\",\"target\":{\"@type\":\"EntryPoint\",\"urlTemplate\":\"https:\\\/\\\/lesbuissonniersduplessis.casa\\\/?s={search_term_string}\"},\"query-input\":{\"@type\":\"PropertyValueSpecification\",\"valueRequired\":true,\"valueName\":\"search_term_string\"}}],\"inLanguage\":\"fr-FR\"},{\"@type\":\"Organization\",\"@id\":\"https:\\\/\\\/lesbuissonniersduplessis.casa\\\/#organization\",\"name\":\"Les Buissonniers du Plessis\",\"url\":\"https:\\\/\\\/lesbuissonniersduplessis.casa\\\/\",\"logo\":{\"@type\":\"ImageObject\",\"inLanguage\":\"fr-FR\",\"@id\":\"https:\\\/\\\/lesbuissonniersduplessis.casa\\\/#\\\/schema\\\/logo\\\/image\\\/\",\"url\":\"https:\\\/\\\/lesbuissonniersduplessis.casa\\\/wp-content\\\/uploads\\\/2026\\\/04\\\/cropped-header_herisson_2.png\",\"contentUrl\":\"https:\\\/\\\/lesbuissonniersduplessis.casa\\\/wp-content\\\/uploads\\\/2026\\\/04\\\/cropped-header_herisson_2.png\",\"width\":1500,\"height\":374,\"caption\":\"Les Buissonniers du Plessis\"},\"image\":{\"@id\":\"https:\\\/\\\/lesbuissonniersduplessis.casa\\\/#\\\/schema\\\/logo\\\/image\\\/\"}}]}<\/script>\n<!-- \/ Yoast SEO plugin. -->","yoast_head_json":{"title":"Wer und wo sind wir\u00a0? - Les Buissonniers du Plessis","robots":{"index":"index","follow":"follow","max-snippet":"max-snippet:-1","max-image-preview":"max-image-preview:large","max-video-preview":"max-video-preview:-1"},"canonical":"https:\/\/lesbuissonniersduplessis.casa\/index.php\/de\/wer-sind-wir\/","og_locale":"fr_FR","og_type":"article","og_title":"Wer und wo sind wir\u00a0? - Les Buissonniers du Plessis","og_description":"Wer sind wir&nbsp;? Manche werden uns als Exzentriker:innen, Spinner:innen, Tr\u00e4umer:innen oder Utopist:innen bezeichnen &#8230; Vielleicht, aber wir beanspruchen vor allem, einfache aktive Mitmenschen zu sein, die danach streben, anders zu leben, im Einklang mit der Natur und mit Respekt f\u00fcr alle. Wir m\u00f6chten zum Zugang zu einem w\u00fcrdigen, humanen Lebensraum beitragen und soziale Ungleichheiten abbauen. [&hellip;]","og_url":"https:\/\/lesbuissonniersduplessis.casa\/index.php\/de\/wer-sind-wir\/","og_site_name":"Les Buissonniers du Plessis","article_modified_time":"2025-11-10T14:41:39+00:00","og_image":[{"width":1533,"height":1002,"url":"https:\/\/lesbuissonniersduplessis.casa\/wp-content\/uploads\/2025\/01\/Les-buissonnier-e-s.jpeg","type":"image\/jpeg"}],"twitter_card":"summary_large_image","twitter_misc":{"Dur\u00e9e de lecture estim\u00e9e":"2 minutes"},"schema":{"@context":"https:\/\/schema.org","@graph":[{"@type":"WebPage","@id":"https:\/\/lesbuissonniersduplessis.casa\/index.php\/de\/wer-sind-wir\/","url":"https:\/\/lesbuissonniersduplessis.casa\/index.php\/de\/wer-sind-wir\/","name":"Wer und wo sind wir\u00a0? - Les Buissonniers du Plessis","isPartOf":{"@id":"https:\/\/lesbuissonniersduplessis.casa\/#website"},"primaryImageOfPage":{"@id":"https:\/\/lesbuissonniersduplessis.casa\/index.php\/de\/wer-sind-wir\/#primaryimage"},"image":{"@id":"https:\/\/lesbuissonniersduplessis.casa\/index.php\/de\/wer-sind-wir\/#primaryimage"},"thumbnailUrl":"https:\/\/lesbuissonniersduplessis.casa\/wp-content\/uploads\/2025\/01\/Les-buissonnier-e-s.jpeg","datePublished":"2024-09-21T15:06:39+00:00","dateModified":"2025-11-10T14:41:39+00:00","breadcrumb":{"@id":"https:\/\/lesbuissonniersduplessis.casa\/index.php\/de\/wer-sind-wir\/#breadcrumb"},"inLanguage":"fr-FR","potentialAction":[{"@type":"ReadAction","target":["https:\/\/lesbuissonniersduplessis.casa\/index.php\/de\/wer-sind-wir\/"]}]},{"@type":"ImageObject","inLanguage":"fr-FR","@id":"https:\/\/lesbuissonniersduplessis.casa\/index.php\/de\/wer-sind-wir\/#primaryimage","url":"https:\/\/lesbuissonniersduplessis.casa\/wp-content\/uploads\/2025\/01\/Les-buissonnier-e-s.jpeg","contentUrl":"https:\/\/lesbuissonniersduplessis.casa\/wp-content\/uploads\/2025\/01\/Les-buissonnier-e-s.jpeg","width":1533,"height":1002},{"@type":"BreadcrumbList","@id":"https:\/\/lesbuissonniersduplessis.casa\/index.php\/de\/wer-sind-wir\/#breadcrumb","itemListElement":[{"@type":"ListItem","position":1,"name":"Accueil","item":"https:\/\/lesbuissonniersduplessis.casa\/"},{"@type":"ListItem","position":2,"name":"Wer und wo sind wir\u00a0?"}]},{"@type":"WebSite","@id":"https:\/\/lesbuissonniersduplessis.casa\/#website","url":"https:\/\/lesbuissonniersduplessis.casa\/","name":"Les Buissonniers du Plessis","description":"Coop\u00e9rative d&#039;habitants - Habitat partag\u00e9 et participatif","publisher":{"@id":"https:\/\/lesbuissonniersduplessis.casa\/#organization"},"potentialAction":[{"@type":"SearchAction","target":{"@type":"EntryPoint","urlTemplate":"https:\/\/lesbuissonniersduplessis.casa\/?s={search_term_string}"},"query-input":{"@type":"PropertyValueSpecification","valueRequired":true,"valueName":"search_term_string"}}],"inLanguage":"fr-FR"},{"@type":"Organization","@id":"https:\/\/lesbuissonniersduplessis.casa\/#organization","name":"Les Buissonniers du Plessis","url":"https:\/\/lesbuissonniersduplessis.casa\/","logo":{"@type":"ImageObject","inLanguage":"fr-FR","@id":"https:\/\/lesbuissonniersduplessis.casa\/#\/schema\/logo\/image\/","url":"https:\/\/lesbuissonniersduplessis.casa\/wp-content\/uploads\/2026\/04\/cropped-header_herisson_2.png","contentUrl":"https:\/\/lesbuissonniersduplessis.casa\/wp-content\/uploads\/2026\/04\/cropped-header_herisson_2.png","width":1500,"height":374,"caption":"Les Buissonniers du Plessis"},"image":{"@id":"https:\/\/lesbuissonniersduplessis.casa\/#\/schema\/logo\/image\/"}}]}},"_links":{"self":[{"href":"https:\/\/lesbuissonniersduplessis.casa\/index.php\/wp-json\/wp\/v2\/pages\/932","targetHints":{"allow":["GET"]}}],"collection":[{"href":"https:\/\/lesbuissonniersduplessis.casa\/index.php\/wp-json\/wp\/v2\/pages"}],"about":[{"href":"https:\/\/lesbuissonniersduplessis.casa\/index.php\/wp-json\/wp\/v2\/types\/page"}],"author":[{"embeddable":true,"href":"https:\/\/lesbuissonniersduplessis.casa\/index.php\/wp-json\/wp\/v2\/users\/2"}],"replies":[{"embeddable":true,"href":"https:\/\/lesbuissonniersduplessis.casa\/index.php\/wp-json\/wp\/v2\/comments?post=932"}],"version-history":[{"count":17,"href":"https:\/\/lesbuissonniersduplessis.casa\/index.php\/wp-json\/wp\/v2\/pages\/932\/revisions"}],"predecessor-version":[{"id":1432,"href":"https:\/\/lesbuissonniersduplessis.casa\/index.php\/wp-json\/wp\/v2\/pages\/932\/revisions\/1432"}],"wp:attachment":[{"href":"https:\/\/lesbuissonniersduplessis.casa\/index.php\/wp-json\/wp\/v2\/media?parent=932"}],"curies":[{"name":"wp","href":"https:\/\/api.w.org\/{rel}","templated":true}]}}