{"id":939,"date":"2024-09-21T17:08:16","date_gmt":"2024-09-21T15:08:16","guid":{"rendered":"https:\/\/lesbuissonniersduplessis.casa\/?page_id=939"},"modified":"2025-01-15T16:36:22","modified_gmt":"2025-01-15T15:36:22","slug":"qui-sommes-nous-2","status":"publish","type":"page","link":"https:\/\/lesbuissonniersduplessis.casa\/index.php\/qui-sommes-nous-2\/","title":{"rendered":"Qui et o\u00f9 sommes nous ?"},"content":{"rendered":"\n<h1 class=\"wp-block-heading\" style=\"font-size:24px\"><strong>Qui sommes-nous ?<\/strong><\/h1>\n\n\n\n<p>Certains nous traiteront d&rsquo;excentriques, d&rsquo;allum\u00e9s, de r\u00eaveurs, ou d&rsquo;utopistes\u2026 Peut-\u00eatre, mais nous revendiquons surtout d&rsquo;\u00eatre de simples citoyens actifs qui aspirent \u00e0 vivre autrement, en harmonie avec la nature, dans le respect de tous. Nous souhaitons contribuer \u00e0 l&rsquo;acc\u00e8s \u00e0 un habitat digne, humain et \u00e0 r\u00e9duire les in\u00e9galit\u00e9s sociales. Nous r\u00eavons d\u2019un autre monde plus respectueux des humains, du vivant et de la plan\u00e8te.<\/p>\n\n\n\n<p><strong>Les initiateurs du collectif \u00ab\u00a0Buissonniers<\/strong>\u00a0\u00bb (destin\u00e9 \u00e0 s&rsquo;\u00e9toffer) sont :<\/p>\n\n\n\n<p>Cornelia (61 ans) : Co-fondatrice du projet, militante associative, travaille pour une ONG Suisse d&rsquo;aide aux r\u00e9fugi\u00e9s. Cornelia habite d\u00e9j\u00e0 dans une coop\u00e9rative depuis 15 ans.<\/p>\n\n\n\n<p>Denise (65 ans) : Co-fondatrice du projet, retrait\u00e9, mais travaille encore partiellement avec son chien comme institutrice sp\u00e9cialis\u00e9e aupr\u00e8s d&rsquo;enfants en difficult\u00e9s. Denise est aussi artiste peintre.<\/p>\n\n\n\n<p>Bruno \/ P\u00e9p\u00e9 (67 ans): Co-fondateur du projet, musicien, militant associatif, \u00e0 la retraite, a travaill\u00e9 dans le secteur culturel et a habit\u00e9 18 ans dans un quartier en collectif en \u00cele-de-France. Travaille encore b\u00e9n\u00e9volement au d\u00e9veloppement d&rsquo;un logiciel libre de gestion d&rsquo;\u00e9tablissements sociaux, culturels et sportifs : <a href=\"https:\/\/www.algem.net\/\">ALGEM<\/a>.<\/p>\n\n\n\n<p><strong>&#8230; La suite, c&rsquo;est vous &#8230;<\/strong><\/p>\n\n\n<div class=\"wp-block-image\">\n<figure class=\"aligncenter size-full\"><img loading=\"lazy\" decoding=\"async\" width=\"1533\" height=\"1002\" src=\"https:\/\/lesbuissonniersduplessis.casa\/wp-content\/uploads\/2025\/01\/Les-buissonnier-e-s.jpeg\" alt=\"\" class=\"wp-image-1280\" srcset=\"https:\/\/lesbuissonniersduplessis.casa\/wp-content\/uploads\/2025\/01\/Les-buissonnier-e-s.jpeg 1533w, https:\/\/lesbuissonniersduplessis.casa\/wp-content\/uploads\/2025\/01\/Les-buissonnier-e-s-300x196.jpeg 300w, https:\/\/lesbuissonniersduplessis.casa\/wp-content\/uploads\/2025\/01\/Les-buissonnier-e-s-1024x669.jpeg 1024w, https:\/\/lesbuissonniersduplessis.casa\/wp-content\/uploads\/2025\/01\/Les-buissonnier-e-s-768x502.jpeg 768w\" sizes=\"auto, (max-width: 1533px) 100vw, 1533px\" \/><figcaption class=\"wp-element-caption\">Les initiateurs du projet<\/figcaption><\/figure>\n<\/div>\n\n\n<h2 class=\"wp-block-heading\"><strong>O\u00f9 sommes-nous ?<\/strong><\/h2>\n\n\n\n<p>Le Plessis est un lieu dit dans la vall\u00e9e du Beuvron situ\u00e9 sur la commune de Ouagne dans la Ni\u00e8vre. Nous sommes \u00e0 4,5 km de la sous-pr\u00e9fecture de Clamecy. Petite ville de 5 000 habitants, Clamecy dispose de tout ce dont on peu avoir besoin : Petits commerces, grande distribution, la poste, un h\u00f4pital avec un service des urgences et la pr\u00e9sence de sp\u00e9cialistes, de 3 m\u00e9decins g\u00e9n\u00e9ralistes, d&rsquo;\u00e9coles, d&rsquo;un coll\u00e8ge, d&rsquo;un lyc\u00e9e, et m\u00eame d&rsquo;un cin\u00e9ma, d&rsquo;une gare SNCF et d&rsquo;un a\u00e9rodrome. Le tout avec Paris au nord \u00e0 200 km, \u00e0 l&rsquo;Ouest Bourges \u00e0 120 km, Lyon au sud \u00e0 250 km, et \u00e0 l&rsquo;est Dijon \u00e0 150 km.<\/p>\n\n\n<div id=\"wp_osm_\" class=\"wp_osm\" style=\"width: 100%; height: 500px\" data-lon=\"6014020\" data-lat=\"391830\" data-zoom=\"12\">\r\n\r\n\t<div class=\"ol-popup\">\r\n\r\n\t    <a href=\"#\" class=\"ol-popup-closer\"><\/a>\r\n\r\n\t    <div class=\"popup-content\"><\/div>\r\n\r\n\t<\/div>\r\n\r\n\t<div class=\"marker\" data-icon=\"https:\/\/lesbuissonniersduplessis.casa\/wp-content\/plugins\/wp-open-street-map\/images\/markers\/marker.png\" data-lon=\"389301\" data-lat=\"6010380\" data-name=\"\" data-description=\"\"><\/div>\r\n<\/div>\n","protected":false},"excerpt":{"rendered":"<p>Qui sommes-nous ? Certains nous traiteront d&rsquo;excentriques, d&rsquo;allum\u00e9s, de r\u00eaveurs, ou d&rsquo;utopistes\u2026 Peut-\u00eatre, mais nous revendiquons surtout d&rsquo;\u00eatre de simples citoyens actifs qui aspirent \u00e0 vivre autrement, en harmonie avec la nature, dans le respect de tous. Nous souhaitons contribuer \u00e0 l&rsquo;acc\u00e8s \u00e0 un habitat digne, humain et \u00e0 r\u00e9duire les in\u00e9galit\u00e9s sociales. Nous r\u00eavons [&hellip;]<\/p>\n","protected":false},"author":2,"featured_media":0,"parent":0,"menu_order":0,"comment_status":"closed","ping_status":"closed","template":"","meta":{"ocean_post_layout":"","ocean_both_sidebars_style":"","ocean_both_sidebars_content_width":0,"ocean_both_sidebars_sidebars_width":0,"ocean_sidebar":"","ocean_second_sidebar":"","ocean_disable_margins":"enable","ocean_add_body_class":"","ocean_shortcode_before_top_bar":"","ocean_shortcode_after_top_bar":"","ocean_shortcode_before_header":"","ocean_shortcode_after_header":"","ocean_has_shortcode":"","ocean_shortcode_after_title":"","ocean_shortcode_before_footer_widgets":"","ocean_shortcode_after_footer_widgets":"","ocean_shortcode_before_footer_bottom":"","ocean_shortcode_after_footer_bottom":"","ocean_display_top_bar":"default","ocean_display_header":"default","ocean_header_style":"","ocean_center_header_left_menu":"","ocean_custom_header_template":"","ocean_custom_logo":0,"ocean_custom_retina_logo":0,"ocean_custom_logo_max_width":0,"ocean_custom_logo_tablet_max_width":0,"ocean_custom_logo_mobile_max_width":0,"ocean_custom_logo_max_height":0,"ocean_custom_logo_tablet_max_height":0,"ocean_custom_logo_mobile_max_height":0,"ocean_header_custom_menu":"","ocean_menu_typo_font_family":"","ocean_menu_typo_font_subset":"","ocean_menu_typo_font_size":0,"ocean_menu_typo_font_size_tablet":0,"ocean_menu_typo_font_size_mobile":0,"ocean_menu_typo_font_size_unit":"px","ocean_menu_typo_font_weight":"","ocean_menu_typo_font_weight_tablet":"","ocean_menu_typo_font_weight_mobile":"","ocean_menu_typo_transform":"","ocean_menu_typo_transform_tablet":"","ocean_menu_typo_transform_mobile":"","ocean_menu_typo_line_height":0,"ocean_menu_typo_line_height_tablet":0,"ocean_menu_typo_line_height_mobile":0,"ocean_menu_typo_line_height_unit":"","ocean_menu_typo_spacing":0,"ocean_menu_typo_spacing_tablet":0,"ocean_menu_typo_spacing_mobile":0,"ocean_menu_typo_spacing_unit":"","ocean_menu_link_color":"","ocean_menu_link_color_hover":"","ocean_menu_link_color_active":"","ocean_menu_link_background":"","ocean_menu_link_hover_background":"","ocean_menu_link_active_background":"","ocean_menu_social_links_bg":"","ocean_menu_social_hover_links_bg":"","ocean_menu_social_links_color":"","ocean_menu_social_hover_links_color":"","ocean_disable_title":"default","ocean_disable_heading":"default","ocean_post_title":"","ocean_post_subheading":"","ocean_post_title_style":"","ocean_post_title_background_color":"","ocean_post_title_background":0,"ocean_post_title_bg_image_position":"","ocean_post_title_bg_image_attachment":"","ocean_post_title_bg_image_repeat":"","ocean_post_title_bg_image_size":"","ocean_post_title_height":0,"ocean_post_title_bg_overlay":0.5,"ocean_post_title_bg_overlay_color":"","ocean_disable_breadcrumbs":"default","ocean_breadcrumbs_color":"","ocean_breadcrumbs_separator_color":"","ocean_breadcrumbs_links_color":"","ocean_breadcrumbs_links_hover_color":"","ocean_display_footer_widgets":"default","ocean_display_footer_bottom":"default","ocean_custom_footer_template":"","footnotes":""},"class_list":["post-939","page","type-page","status-publish","hentry","entry"],"yoast_head":"<!-- This site is optimized with the Yoast SEO plugin v27.4 - https:\/\/yoast.com\/product\/yoast-seo-wordpress\/ -->\n<title>Qui et o\u00f9 sommes nous ? - Les Buissonniers du Plessis<\/title>\n<meta name=\"robots\" content=\"index, follow, max-snippet:-1, max-image-preview:large, max-video-preview:-1\" \/>\n<link rel=\"canonical\" href=\"https:\/\/lesbuissonniersduplessis.casa\/index.php\/qui-sommes-nous-2\/\" \/>\n<meta property=\"og:locale\" content=\"fr_FR\" \/>\n<meta property=\"og:type\" content=\"article\" \/>\n<meta property=\"og:title\" content=\"Qui et o\u00f9 sommes nous ? - Les Buissonniers du Plessis\" \/>\n<meta property=\"og:description\" content=\"Qui sommes-nous ? Certains nous traiteront d&rsquo;excentriques, d&rsquo;allum\u00e9s, de r\u00eaveurs, ou d&rsquo;utopistes\u2026 Peut-\u00eatre, mais nous revendiquons surtout d&rsquo;\u00eatre de simples citoyens actifs qui aspirent \u00e0 vivre autrement, en harmonie avec la nature, dans le respect de tous. Nous souhaitons contribuer \u00e0 l&rsquo;acc\u00e8s \u00e0 un habitat digne, humain et \u00e0 r\u00e9duire les in\u00e9galit\u00e9s sociales. Nous r\u00eavons [&hellip;]\" \/>\n<meta property=\"og:url\" content=\"https:\/\/lesbuissonniersduplessis.casa\/index.php\/qui-sommes-nous-2\/\" \/>\n<meta property=\"og:site_name\" content=\"Les Buissonniers du Plessis\" \/>\n<meta property=\"article:modified_time\" content=\"2025-01-15T15:36:22+00:00\" \/>\n<meta property=\"og:image\" content=\"https:\/\/lesbuissonniersduplessis.casa\/wp-content\/uploads\/2025\/01\/Les-buissonnier-e-s.jpeg\" \/>\n\t<meta property=\"og:image:width\" content=\"1533\" \/>\n\t<meta property=\"og:image:height\" content=\"1002\" \/>\n\t<meta property=\"og:image:type\" content=\"image\/jpeg\" \/>\n<meta name=\"twitter:card\" content=\"summary_large_image\" \/>\n<meta name=\"twitter:label1\" content=\"Dur\u00e9e de lecture estim\u00e9e\" \/>\n\t<meta name=\"twitter:data1\" content=\"2 minutes\" \/>\n<script type=\"application\/ld+json\" class=\"yoast-schema-graph\">{\"@context\":\"https:\\\/\\\/schema.org\",\"@graph\":[{\"@type\":\"WebPage\",\"@id\":\"https:\\\/\\\/lesbuissonniersduplessis.casa\\\/index.php\\\/qui-sommes-nous-2\\\/\",\"url\":\"https:\\\/\\\/lesbuissonniersduplessis.casa\\\/index.php\\\/qui-sommes-nous-2\\\/\",\"name\":\"Qui et o\u00f9 sommes nous ? - Les Buissonniers du Plessis\",\"isPartOf\":{\"@id\":\"https:\\\/\\\/lesbuissonniersduplessis.casa\\\/#website\"},\"primaryImageOfPage\":{\"@id\":\"https:\\\/\\\/lesbuissonniersduplessis.casa\\\/index.php\\\/qui-sommes-nous-2\\\/#primaryimage\"},\"image\":{\"@id\":\"https:\\\/\\\/lesbuissonniersduplessis.casa\\\/index.php\\\/qui-sommes-nous-2\\\/#primaryimage\"},\"thumbnailUrl\":\"https:\\\/\\\/lesbuissonniersduplessis.casa\\\/wp-content\\\/uploads\\\/2025\\\/01\\\/Les-buissonnier-e-s.jpeg\",\"datePublished\":\"2024-09-21T15:08:16+00:00\",\"dateModified\":\"2025-01-15T15:36:22+00:00\",\"breadcrumb\":{\"@id\":\"https:\\\/\\\/lesbuissonniersduplessis.casa\\\/index.php\\\/qui-sommes-nous-2\\\/#breadcrumb\"},\"inLanguage\":\"fr-FR\",\"potentialAction\":[{\"@type\":\"ReadAction\",\"target\":[\"https:\\\/\\\/lesbuissonniersduplessis.casa\\\/index.php\\\/qui-sommes-nous-2\\\/\"]}]},{\"@type\":\"ImageObject\",\"inLanguage\":\"fr-FR\",\"@id\":\"https:\\\/\\\/lesbuissonniersduplessis.casa\\\/index.php\\\/qui-sommes-nous-2\\\/#primaryimage\",\"url\":\"https:\\\/\\\/lesbuissonniersduplessis.casa\\\/wp-content\\\/uploads\\\/2025\\\/01\\\/Les-buissonnier-e-s.jpeg\",\"contentUrl\":\"https:\\\/\\\/lesbuissonniersduplessis.casa\\\/wp-content\\\/uploads\\\/2025\\\/01\\\/Les-buissonnier-e-s.jpeg\",\"width\":1533,\"height\":1002},{\"@type\":\"BreadcrumbList\",\"@id\":\"https:\\\/\\\/lesbuissonniersduplessis.casa\\\/index.php\\\/qui-sommes-nous-2\\\/#breadcrumb\",\"itemListElement\":[{\"@type\":\"ListItem\",\"position\":1,\"name\":\"Accueil\",\"item\":\"https:\\\/\\\/lesbuissonniersduplessis.casa\\\/\"},{\"@type\":\"ListItem\",\"position\":2,\"name\":\"Qui et o\u00f9 sommes nous ?\"}]},{\"@type\":\"WebSite\",\"@id\":\"https:\\\/\\\/lesbuissonniersduplessis.casa\\\/#website\",\"url\":\"https:\\\/\\\/lesbuissonniersduplessis.casa\\\/\",\"name\":\"Les Buissonniers du Plessis\",\"description\":\"Coop\u00e9rative d&#039;habitants - Habitat partag\u00e9 et participatif\",\"publisher\":{\"@id\":\"https:\\\/\\\/lesbuissonniersduplessis.casa\\\/#organization\"},\"potentialAction\":[{\"@type\":\"SearchAction\",\"target\":{\"@type\":\"EntryPoint\",\"urlTemplate\":\"https:\\\/\\\/lesbuissonniersduplessis.casa\\\/?s={search_term_string}\"},\"query-input\":{\"@type\":\"PropertyValueSpecification\",\"valueRequired\":true,\"valueName\":\"search_term_string\"}}],\"inLanguage\":\"fr-FR\"},{\"@type\":\"Organization\",\"@id\":\"https:\\\/\\\/lesbuissonniersduplessis.casa\\\/#organization\",\"name\":\"Les Buissonniers du Plessis\",\"url\":\"https:\\\/\\\/lesbuissonniersduplessis.casa\\\/\",\"logo\":{\"@type\":\"ImageObject\",\"inLanguage\":\"fr-FR\",\"@id\":\"https:\\\/\\\/lesbuissonniersduplessis.casa\\\/#\\\/schema\\\/logo\\\/image\\\/\",\"url\":\"https:\\\/\\\/lesbuissonniersduplessis.casa\\\/wp-content\\\/uploads\\\/2026\\\/04\\\/cropped-header_herisson_2.png\",\"contentUrl\":\"https:\\\/\\\/lesbuissonniersduplessis.casa\\\/wp-content\\\/uploads\\\/2026\\\/04\\\/cropped-header_herisson_2.png\",\"width\":1500,\"height\":374,\"caption\":\"Les Buissonniers du Plessis\"},\"image\":{\"@id\":\"https:\\\/\\\/lesbuissonniersduplessis.casa\\\/#\\\/schema\\\/logo\\\/image\\\/\"}}]}<\/script>\n<!-- \/ Yoast SEO plugin. -->","yoast_head_json":{"title":"Qui et o\u00f9 sommes nous ? - Les Buissonniers du Plessis","robots":{"index":"index","follow":"follow","max-snippet":"max-snippet:-1","max-image-preview":"max-image-preview:large","max-video-preview":"max-video-preview:-1"},"canonical":"https:\/\/lesbuissonniersduplessis.casa\/index.php\/qui-sommes-nous-2\/","og_locale":"fr_FR","og_type":"article","og_title":"Qui et o\u00f9 sommes nous ? - Les Buissonniers du Plessis","og_description":"Qui sommes-nous ? Certains nous traiteront d&rsquo;excentriques, d&rsquo;allum\u00e9s, de r\u00eaveurs, ou d&rsquo;utopistes\u2026 Peut-\u00eatre, mais nous revendiquons surtout d&rsquo;\u00eatre de simples citoyens actifs qui aspirent \u00e0 vivre autrement, en harmonie avec la nature, dans le respect de tous. Nous souhaitons contribuer \u00e0 l&rsquo;acc\u00e8s \u00e0 un habitat digne, humain et \u00e0 r\u00e9duire les in\u00e9galit\u00e9s sociales. Nous r\u00eavons [&hellip;]","og_url":"https:\/\/lesbuissonniersduplessis.casa\/index.php\/qui-sommes-nous-2\/","og_site_name":"Les Buissonniers du Plessis","article_modified_time":"2025-01-15T15:36:22+00:00","og_image":[{"width":1533,"height":1002,"url":"https:\/\/lesbuissonniersduplessis.casa\/wp-content\/uploads\/2025\/01\/Les-buissonnier-e-s.jpeg","type":"image\/jpeg"}],"twitter_card":"summary_large_image","twitter_misc":{"Dur\u00e9e de lecture estim\u00e9e":"2 minutes"},"schema":{"@context":"https:\/\/schema.org","@graph":[{"@type":"WebPage","@id":"https:\/\/lesbuissonniersduplessis.casa\/index.php\/qui-sommes-nous-2\/","url":"https:\/\/lesbuissonniersduplessis.casa\/index.php\/qui-sommes-nous-2\/","name":"Qui et o\u00f9 sommes nous ? - Les Buissonniers du Plessis","isPartOf":{"@id":"https:\/\/lesbuissonniersduplessis.casa\/#website"},"primaryImageOfPage":{"@id":"https:\/\/lesbuissonniersduplessis.casa\/index.php\/qui-sommes-nous-2\/#primaryimage"},"image":{"@id":"https:\/\/lesbuissonniersduplessis.casa\/index.php\/qui-sommes-nous-2\/#primaryimage"},"thumbnailUrl":"https:\/\/lesbuissonniersduplessis.casa\/wp-content\/uploads\/2025\/01\/Les-buissonnier-e-s.jpeg","datePublished":"2024-09-21T15:08:16+00:00","dateModified":"2025-01-15T15:36:22+00:00","breadcrumb":{"@id":"https:\/\/lesbuissonniersduplessis.casa\/index.php\/qui-sommes-nous-2\/#breadcrumb"},"inLanguage":"fr-FR","potentialAction":[{"@type":"ReadAction","target":["https:\/\/lesbuissonniersduplessis.casa\/index.php\/qui-sommes-nous-2\/"]}]},{"@type":"ImageObject","inLanguage":"fr-FR","@id":"https:\/\/lesbuissonniersduplessis.casa\/index.php\/qui-sommes-nous-2\/#primaryimage","url":"https:\/\/lesbuissonniersduplessis.casa\/wp-content\/uploads\/2025\/01\/Les-buissonnier-e-s.jpeg","contentUrl":"https:\/\/lesbuissonniersduplessis.casa\/wp-content\/uploads\/2025\/01\/Les-buissonnier-e-s.jpeg","width":1533,"height":1002},{"@type":"BreadcrumbList","@id":"https:\/\/lesbuissonniersduplessis.casa\/index.php\/qui-sommes-nous-2\/#breadcrumb","itemListElement":[{"@type":"ListItem","position":1,"name":"Accueil","item":"https:\/\/lesbuissonniersduplessis.casa\/"},{"@type":"ListItem","position":2,"name":"Qui et o\u00f9 sommes nous ?"}]},{"@type":"WebSite","@id":"https:\/\/lesbuissonniersduplessis.casa\/#website","url":"https:\/\/lesbuissonniersduplessis.casa\/","name":"Les Buissonniers du Plessis","description":"Coop\u00e9rative d&#039;habitants - Habitat partag\u00e9 et participatif","publisher":{"@id":"https:\/\/lesbuissonniersduplessis.casa\/#organization"},"potentialAction":[{"@type":"SearchAction","target":{"@type":"EntryPoint","urlTemplate":"https:\/\/lesbuissonniersduplessis.casa\/?s={search_term_string}"},"query-input":{"@type":"PropertyValueSpecification","valueRequired":true,"valueName":"search_term_string"}}],"inLanguage":"fr-FR"},{"@type":"Organization","@id":"https:\/\/lesbuissonniersduplessis.casa\/#organization","name":"Les Buissonniers du Plessis","url":"https:\/\/lesbuissonniersduplessis.casa\/","logo":{"@type":"ImageObject","inLanguage":"fr-FR","@id":"https:\/\/lesbuissonniersduplessis.casa\/#\/schema\/logo\/image\/","url":"https:\/\/lesbuissonniersduplessis.casa\/wp-content\/uploads\/2026\/04\/cropped-header_herisson_2.png","contentUrl":"https:\/\/lesbuissonniersduplessis.casa\/wp-content\/uploads\/2026\/04\/cropped-header_herisson_2.png","width":1500,"height":374,"caption":"Les Buissonniers du Plessis"},"image":{"@id":"https:\/\/lesbuissonniersduplessis.casa\/#\/schema\/logo\/image\/"}}]}},"_links":{"self":[{"href":"https:\/\/lesbuissonniersduplessis.casa\/index.php\/wp-json\/wp\/v2\/pages\/939","targetHints":{"allow":["GET"]}}],"collection":[{"href":"https:\/\/lesbuissonniersduplessis.casa\/index.php\/wp-json\/wp\/v2\/pages"}],"about":[{"href":"https:\/\/lesbuissonniersduplessis.casa\/index.php\/wp-json\/wp\/v2\/types\/page"}],"author":[{"embeddable":true,"href":"https:\/\/lesbuissonniersduplessis.casa\/index.php\/wp-json\/wp\/v2\/users\/2"}],"replies":[{"embeddable":true,"href":"https:\/\/lesbuissonniersduplessis.casa\/index.php\/wp-json\/wp\/v2\/comments?post=939"}],"version-history":[{"count":45,"href":"https:\/\/lesbuissonniersduplessis.casa\/index.php\/wp-json\/wp\/v2\/pages\/939\/revisions"}],"predecessor-version":[{"id":1297,"href":"https:\/\/lesbuissonniersduplessis.casa\/index.php\/wp-json\/wp\/v2\/pages\/939\/revisions\/1297"}],"wp:attachment":[{"href":"https:\/\/lesbuissonniersduplessis.casa\/index.php\/wp-json\/wp\/v2\/media?parent=939"}],"curies":[{"name":"wp","href":"https:\/\/api.w.org\/{rel}","templated":true}]}}